{"id":7788,"date":"2025-08-18T15:03:59","date_gmt":"2025-08-18T14:03:59","guid":{"rendered":"https:\/\/woka-store.pl\/?post_type=product&#038;p=7788"},"modified":"2026-01-24T11:26:36","modified_gmt":"2026-01-24T10:26:36","slug":"naszyjnik-noir-2","status":"publish","type":"product","link":"https:\/\/woka-store.pl\/en\/product\/naszyjnik-noir-2\/","title":{"rendered":"Necklace NOIR"},"content":{"rendered":"<p>\u2022 Length 77 cm + pendant 6 cm + extension chain 8 cm<br \/>\n\u2022 Black onyx, hematite, surgical steel<br \/>\n\u2022 Handmade by WOKA<\/p>\n<p>&nbsp;<\/p>\n<p>A striking long necklace made of onyx stones shaped as sleek tubes, complemented by steel beads. It pairs beautifully with shorter necklaces, allowing for stylish layering and interesting combinations. The modern shapes and contrast between the stones and metal give the jewelry a distinctive character.<\/p>\n<p>&nbsp;<\/p>\n<p>Do you need a different size?<br \/>\nContact us on Instagram <em><a href=\"https:\/\/www.instagram.com\/woka_jewellery\/\">woka_jewellery<\/a><\/em><\/p>","protected":false},"excerpt":{"rendered":"<p>\u2022 D\u0142ugo\u015b\u0107 77 cm + zawieszka 6 cm + \u0142a\u0144cuszek przed\u0142u\u017ckowy 8 cm \u2022 Onyks czarny, hematyt, stal chirurgiczna \u2022 R\u0119cznie wykonane przez WOKA &nbsp; Efektowny, d\u0142ugi naszyjnik wykonany z [&hellip;]<\/p>\n","protected":false},"featured_media":7791,"template":"","meta":[],"product_brand":[],"product_cat":[145,174,205],"product_tag":[202],"class_list":{"0":"post-7788","1":"product","2":"type-product","3":"status-publish","4":"has-post-thumbnail","6":"product_cat-naszyjniki","7":"product_cat-onyx","8":"product_cat-wszystkie-produkty","9":"product_tag-ostatnia-sztuka","11":"first","12":"instock","13":"shipping-taxable","14":"purchasable","15":"product-type-simple"},"jetpack_sharing_enabled":true,"_links":{"self":[{"href":"https:\/\/woka-store.pl\/en\/wp-json\/wp\/v2\/product\/7788","targetHints":{"allow":["GET"]}}],"collection":[{"href":"https:\/\/woka-store.pl\/en\/wp-json\/wp\/v2\/product"}],"about":[{"href":"https:\/\/woka-store.pl\/en\/wp-json\/wp\/v2\/types\/product"}],"version-history":[{"count":4,"href":"https:\/\/woka-store.pl\/en\/wp-json\/wp\/v2\/product\/7788\/revisions"}],"predecessor-version":[{"id":9007,"href":"https:\/\/woka-store.pl\/en\/wp-json\/wp\/v2\/product\/7788\/revisions\/9007"}],"wp:featuredmedia":[{"embeddable":true,"href":"https:\/\/woka-store.pl\/en\/wp-json\/wp\/v2\/media\/7791"}],"wp:attachment":[{"href":"https:\/\/woka-store.pl\/en\/wp-json\/wp\/v2\/media?parent=7788"}],"wp:term":[{"taxonomy":"product_brand","embeddable":true,"href":"https:\/\/woka-store.pl\/en\/wp-json\/wp\/v2\/product_brand?post=7788"},{"taxonomy":"product_cat","embeddable":true,"href":"https:\/\/woka-store.pl\/en\/wp-json\/wp\/v2\/product_cat?post=7788"},{"taxonomy":"product_tag","embeddable":true,"href":"https:\/\/woka-store.pl\/en\/wp-json\/wp\/v2\/product_tag?post=7788"}],"curies":[{"name":"wp","href":"https:\/\/api.w.org\/{rel}","templated":true}]}}