{"id":7957,"date":"2025-08-04T09:15:38","date_gmt":"2025-08-04T08:15:38","guid":{"rendered":"https:\/\/woka-store.pl\/?post_type=product&#038;p=7957"},"modified":"2026-02-22T01:40:11","modified_gmt":"2026-02-22T00:40:11","slug":"naszyjnik-kamyki","status":"publish","type":"product","link":"https:\/\/woka-store.pl\/en\/product\/naszyjnik-kamyki\/","title":{"rendered":"Necklace KAMYKI"},"content":{"rendered":"<p>\u2022 Length 36,5 cm + extension chain 8 cm<br \/>\n\u2022 Morganite, hematite, surgical steel<br \/>\n\u2022 Handmade by WOKA<\/p>\n<p>! The appearance of the stone may vary in color and shape, as each stone is unique<\/p>\n<p>&nbsp;<\/p>\n<p>A delicate, colorful necklace made of various pastel-toned morganite beads. Versatile and lightweight, it can be matched with different clothing colors or add a subtle pop of color to a monochrome outfit, creating a fresh and cheerful accent.<\/p>\n<p>&nbsp;<\/p>\n<p>Do you need a different size?<br \/>\nContact us on Instagram <em><a href=\"https:\/\/www.instagram.com\/woka_jewellery\/\">woka_jewellery<\/a><\/em><\/p>","protected":false},"excerpt":{"rendered":"<p>\u2022 D\u0142ugo\u015b\u0107 36,5 cm + \u0142a\u0144cuszek przed\u0142u\u017ckowy 8 cm \u2022 Morganit, hematyt, stal chirurgiczna \u2022 R\u0119cznie wykonane przez WOKA ! Wygl\u0105d kamienia mo\u017ce si\u0119 r\u00f3\u017cni\u0107 kolorem i kszta\u0142tem, poniewa\u017c ka\u017cdy [&hellip;]<\/p>\n","protected":false},"featured_media":7958,"template":"","meta":[],"product_brand":[],"product_cat":[145,199,205],"product_tag":[],"class_list":{"0":"post-7957","1":"product","2":"type-product","3":"status-publish","4":"has-post-thumbnail","6":"product_cat-naszyjniki","7":"product_cat-pastel","8":"product_cat-wszystkie-produkty","10":"first","11":"instock","12":"shipping-taxable","13":"purchasable","14":"product-type-simple"},"jetpack_sharing_enabled":true,"_links":{"self":[{"href":"https:\/\/woka-store.pl\/en\/wp-json\/wp\/v2\/product\/7957","targetHints":{"allow":["GET"]}}],"collection":[{"href":"https:\/\/woka-store.pl\/en\/wp-json\/wp\/v2\/product"}],"about":[{"href":"https:\/\/woka-store.pl\/en\/wp-json\/wp\/v2\/types\/product"}],"version-history":[{"count":5,"href":"https:\/\/woka-store.pl\/en\/wp-json\/wp\/v2\/product\/7957\/revisions"}],"predecessor-version":[{"id":9020,"href":"https:\/\/woka-store.pl\/en\/wp-json\/wp\/v2\/product\/7957\/revisions\/9020"}],"wp:featuredmedia":[{"embeddable":true,"href":"https:\/\/woka-store.pl\/en\/wp-json\/wp\/v2\/media\/7958"}],"wp:attachment":[{"href":"https:\/\/woka-store.pl\/en\/wp-json\/wp\/v2\/media?parent=7957"}],"wp:term":[{"taxonomy":"product_brand","embeddable":true,"href":"https:\/\/woka-store.pl\/en\/wp-json\/wp\/v2\/product_brand?post=7957"},{"taxonomy":"product_cat","embeddable":true,"href":"https:\/\/woka-store.pl\/en\/wp-json\/wp\/v2\/product_cat?post=7957"},{"taxonomy":"product_tag","embeddable":true,"href":"https:\/\/woka-store.pl\/en\/wp-json\/wp\/v2\/product_tag?post=7957"}],"curies":[{"name":"wp","href":"https:\/\/api.w.org\/{rel}","templated":true}]}}