{"id":7967,"date":"2025-08-04T09:15:13","date_gmt":"2025-08-04T08:15:13","guid":{"rendered":"https:\/\/woka-store.pl\/?post_type=product&#038;p=7967"},"modified":"2026-02-22T08:06:25","modified_gmt":"2026-02-22T07:06:25","slug":"bransoletka-kamyki","status":"publish","type":"product","link":"https:\/\/woka-store.pl\/en\/product\/bransoletka-kamyki\/","title":{"rendered":"Bracelet KAMYKI"},"content":{"rendered":"<p>\u2022 Length 17 cm + extension chain 2 cm<br \/>\n\u2022 Morganite, hematite, surgical steel<br \/>\n\u2022 Handmade by WOKA<\/p>\n<p>! The appearance of the stone may vary in color and shape, as each stone is unique<\/p>\n<p>&nbsp;<\/p>\n<p>A delicate, colorful bracelet made of various pastel-toned morganite beads. Versatile and lightweight, it can be matched with different clothing colors or add a subtle pop of color to a monochrome outfit, creating a fresh and cheerful accent.<\/p>\n<p>&nbsp;<\/p>\n<p>Do you need a different size?<br \/>\nContact us on Instagram <em><a href=\"https:\/\/www.instagram.com\/woka_jewellery\/\">woka_jewellery<\/a><\/em><\/p>","protected":false},"excerpt":{"rendered":"<p>\u2022 D\u0142ugo\u015b\u0107 17 cm + \u0142a\u0144cuszek przed\u0142u\u017ckowy 2 cm \u2022 Morganit, hematyt, stal chirurgiczna \u2022 R\u0119cznie wykonane przez WOKA ! Wygl\u0105d kamienia mo\u017ce si\u0119 r\u00f3\u017cni\u0107 kolorem i kszta\u0142tem, poniewa\u017c ka\u017cdy [&hellip;]<\/p>\n","protected":false},"featured_media":7969,"template":"","meta":[],"product_brand":[],"product_cat":[146,199,205],"product_tag":[],"class_list":{"0":"post-7967","1":"product","2":"type-product","3":"status-publish","4":"has-post-thumbnail","6":"product_cat-bransoletki","7":"product_cat-pastel","8":"product_cat-wszystkie-produkty","10":"first","11":"instock","12":"shipping-taxable","13":"purchasable","14":"product-type-simple"},"jetpack_sharing_enabled":true,"_links":{"self":[{"href":"https:\/\/woka-store.pl\/en\/wp-json\/wp\/v2\/product\/7967","targetHints":{"allow":["GET"]}}],"collection":[{"href":"https:\/\/woka-store.pl\/en\/wp-json\/wp\/v2\/product"}],"about":[{"href":"https:\/\/woka-store.pl\/en\/wp-json\/wp\/v2\/types\/product"}],"version-history":[{"count":4,"href":"https:\/\/woka-store.pl\/en\/wp-json\/wp\/v2\/product\/7967\/revisions"}],"predecessor-version":[{"id":9445,"href":"https:\/\/woka-store.pl\/en\/wp-json\/wp\/v2\/product\/7967\/revisions\/9445"}],"wp:featuredmedia":[{"embeddable":true,"href":"https:\/\/woka-store.pl\/en\/wp-json\/wp\/v2\/media\/7969"}],"wp:attachment":[{"href":"https:\/\/woka-store.pl\/en\/wp-json\/wp\/v2\/media?parent=7967"}],"wp:term":[{"taxonomy":"product_brand","embeddable":true,"href":"https:\/\/woka-store.pl\/en\/wp-json\/wp\/v2\/product_brand?post=7967"},{"taxonomy":"product_cat","embeddable":true,"href":"https:\/\/woka-store.pl\/en\/wp-json\/wp\/v2\/product_cat?post=7967"},{"taxonomy":"product_tag","embeddable":true,"href":"https:\/\/woka-store.pl\/en\/wp-json\/wp\/v2\/product_tag?post=7967"}],"curies":[{"name":"wp","href":"https:\/\/api.w.org\/{rel}","templated":true}]}}