{"id":7982,"date":"2025-09-22T12:00:28","date_gmt":"2025-09-22T11:00:28","guid":{"rendered":"https:\/\/woka-store.pl\/?post_type=product&#038;p=7982"},"modified":"2026-01-24T12:21:40","modified_gmt":"2026-01-24T11:21:40","slug":"bransoletka-lunaris","status":"publish","type":"product","link":"https:\/\/woka-store.pl\/en\/product\/bransoletka-lunaris\/","title":{"rendered":"Bracelet LUNARIS"},"content":{"rendered":"<p>\u2022 Length 17 cm + extension chain 2 cm<br \/>\n\u2022 Freshwater cultured pearls, hematite, surgical steel<br \/>\n\u2022 Handmade by WOKA<\/p>\n<p>! The appearance of the pearls may differ from the photo, as we use baroque pearls and each one is unique<\/p>\n<p>&nbsp;<\/p>\n<p>A unique bracelet made of lustrous baroque pearls combined with irregular hematite stones. The contrast between the soft shine of pearls and the raw, metallic character of hematite creates a modern yet subtle composition. Lightweight and comfortable, it perfectly highlights the wearer\u2019s individual style, adding a distinctive touch to any outfit.<\/p>\n<p>&nbsp;<\/p>\n<p>Do you need a different size?<br \/>\nContact us on Instagram <em><a href=\"https:\/\/www.instagram.com\/woka_jewellery\/\">woka_jewellery<\/a><\/em><\/p>","protected":false},"excerpt":{"rendered":"<p>\u2022 D\u0142ugo\u015b\u0107 17 cm + \u0142a\u0144cuszek przed\u0142u\u017ckowy 2 cm \u2022 Per\u0142y hodowlane s\u0142odkowodne, hematyt, stal chirurgiczna \u2022 R\u0119cznie wykonane przez WOKA ! Wygl\u0105d pere\u0142 mo\u017ce r\u00f3\u017cni\u0107 si\u0119 od zdj\u0119cia, poniewa\u017c [&hellip;]<\/p>\n","protected":false},"featured_media":7984,"template":"","meta":[],"product_brand":[],"product_cat":[146,153,205],"product_tag":[],"class_list":{"0":"post-7982","1":"product","2":"type-product","3":"status-publish","4":"has-post-thumbnail","6":"product_cat-bransoletki","7":"product_cat-perly","8":"product_cat-wszystkie-produkty","10":"first","11":"instock","12":"shipping-taxable","13":"purchasable","14":"product-type-simple"},"jetpack_sharing_enabled":true,"_links":{"self":[{"href":"https:\/\/woka-store.pl\/en\/wp-json\/wp\/v2\/product\/7982","targetHints":{"allow":["GET"]}}],"collection":[{"href":"https:\/\/woka-store.pl\/en\/wp-json\/wp\/v2\/product"}],"about":[{"href":"https:\/\/woka-store.pl\/en\/wp-json\/wp\/v2\/types\/product"}],"version-history":[{"count":8,"href":"https:\/\/woka-store.pl\/en\/wp-json\/wp\/v2\/product\/7982\/revisions"}],"predecessor-version":[{"id":9005,"href":"https:\/\/woka-store.pl\/en\/wp-json\/wp\/v2\/product\/7982\/revisions\/9005"}],"wp:featuredmedia":[{"embeddable":true,"href":"https:\/\/woka-store.pl\/en\/wp-json\/wp\/v2\/media\/7984"}],"wp:attachment":[{"href":"https:\/\/woka-store.pl\/en\/wp-json\/wp\/v2\/media?parent=7982"}],"wp:term":[{"taxonomy":"product_brand","embeddable":true,"href":"https:\/\/woka-store.pl\/en\/wp-json\/wp\/v2\/product_brand?post=7982"},{"taxonomy":"product_cat","embeddable":true,"href":"https:\/\/woka-store.pl\/en\/wp-json\/wp\/v2\/product_cat?post=7982"},{"taxonomy":"product_tag","embeddable":true,"href":"https:\/\/woka-store.pl\/en\/wp-json\/wp\/v2\/product_tag?post=7982"}],"curies":[{"name":"wp","href":"https:\/\/api.w.org\/{rel}","templated":true}]}}