{"id":8035,"date":"2025-09-26T13:57:49","date_gmt":"2025-09-26T12:57:49","guid":{"rendered":"https:\/\/woka-store.pl\/?post_type=product&#038;p=8035"},"modified":"2026-01-15T11:33:27","modified_gmt":"2026-01-15T10:33:27","slug":"bransoletka-granat-2","status":"publish","type":"product","link":"https:\/\/woka-store.pl\/en\/product\/bransoletka-granat-2\/","title":{"rendered":"Bracelet GARNET"},"content":{"rendered":"<p>\u2022 Length 17 cm + extension chain 2 cm<br \/>\n\u2022 Garnet, surgical steel<br \/>\n\u2022 Handmade by WOKA<\/p>\n<p>&nbsp;<\/p>\n<p>A beautiful, delicate bracelet made of deep red garnets, adorned in the center with a subtle steel bow. The intense color of the stones combined with the minimalist shine of the steel creates a harmonious contrast between elegance and modern design. Lightweight and comfortable, perfect for everyday wear as well as special occasions, adding a subtle charm to any outfit.<\/p>\n<p>&nbsp;<\/p>\n<p>Do you need a different size?<br \/>\nContact us on Instagram <em><a href=\"https:\/\/www.instagram.com\/woka_jewellery\/\">woka_jewellery<\/a><\/em><\/p>","protected":false},"excerpt":{"rendered":"<p>\u2022 D\u0142ugo\u015b\u0107 17 cm + \u0142a\u0144cuszek przed\u0142u\u017ckowy 2 cm \u2022 Granat, stal chirurgiczna \u2022 R\u0119cznie wykonane przez WOKA &nbsp; Pi\u0119kna, subtelna bransoletka wykonana z ciemnoczerwonych granat\u00f3w, ozdobiona w centrum delikatn\u0105 [&hellip;]<\/p>\n","protected":false},"featured_media":8018,"template":"","meta":[],"product_brand":[],"product_cat":[146,158,205],"product_tag":[],"class_list":{"0":"post-8035","1":"product","2":"type-product","3":"status-publish","4":"has-post-thumbnail","6":"product_cat-bransoletki","7":"product_cat-granat","8":"product_cat-wszystkie-produkty","10":"first","11":"instock","12":"shipping-taxable","13":"purchasable","14":"product-type-simple"},"jetpack_sharing_enabled":true,"_links":{"self":[{"href":"https:\/\/woka-store.pl\/en\/wp-json\/wp\/v2\/product\/8035","targetHints":{"allow":["GET"]}}],"collection":[{"href":"https:\/\/woka-store.pl\/en\/wp-json\/wp\/v2\/product"}],"about":[{"href":"https:\/\/woka-store.pl\/en\/wp-json\/wp\/v2\/types\/product"}],"version-history":[{"count":4,"href":"https:\/\/woka-store.pl\/en\/wp-json\/wp\/v2\/product\/8035\/revisions"}],"predecessor-version":[{"id":9003,"href":"https:\/\/woka-store.pl\/en\/wp-json\/wp\/v2\/product\/8035\/revisions\/9003"}],"wp:featuredmedia":[{"embeddable":true,"href":"https:\/\/woka-store.pl\/en\/wp-json\/wp\/v2\/media\/8018"}],"wp:attachment":[{"href":"https:\/\/woka-store.pl\/en\/wp-json\/wp\/v2\/media?parent=8035"}],"wp:term":[{"taxonomy":"product_brand","embeddable":true,"href":"https:\/\/woka-store.pl\/en\/wp-json\/wp\/v2\/product_brand?post=8035"},{"taxonomy":"product_cat","embeddable":true,"href":"https:\/\/woka-store.pl\/en\/wp-json\/wp\/v2\/product_cat?post=8035"},{"taxonomy":"product_tag","embeddable":true,"href":"https:\/\/woka-store.pl\/en\/wp-json\/wp\/v2\/product_tag?post=8035"}],"curies":[{"name":"wp","href":"https:\/\/api.w.org\/{rel}","templated":true}]}}