{"id":8037,"date":"2025-09-26T15:01:52","date_gmt":"2025-09-26T14:01:52","guid":{"rendered":"https:\/\/woka-store.pl\/?post_type=product&#038;p=8037"},"modified":"2026-03-06T20:20:25","modified_gmt":"2026-03-06T19:20:25","slug":"naszyjnik-orbola","status":"publish","type":"product","link":"https:\/\/woka-store.pl\/en\/product\/naszyjnik-orbola\/","title":{"rendered":"Necklace ORBOLA"},"content":{"rendered":"<p>\u2022 Length 57 cm + pendant 13 cm + extension chain 8 cm<br \/>\n\u2022 Surgical steel<br \/>\n\u2022 Handmade by WOKA<\/p>\n<p>&nbsp;<\/p>\n<p>A refined, long necklace made of a steel chain with delicate, round beads. It pairs beautifully with shorter jewelry pieces or can be worn on its own, adding subtle shine and character to any outfit. Lightweight yet striking, it\u2019s perfect for both everyday and evening looks, creating modern accents.<\/p>\n<p>&nbsp;<\/p>\n<p>Do you need a different size?<br \/>\nContact us on Instagram <em><a href=\"https:\/\/www.instagram.com\/woka_jewellery\/\">woka_jewellery<\/a><\/em><\/p>","protected":false},"excerpt":{"rendered":"<p>\u2022 D\u0142ugo\u015b\u0107 57 cm + zawieszka 13 cm + \u0142a\u0144cuszek przed\u0142u\u017cka 8 cm \u2022 Stal chirurgiczna \u2022 R\u0119cznie wykonane przez WOKA &nbsp; Wyrafinowany, d\u0142ugi naszyjnik wykonany ze stalowego \u0142a\u0144cuszka z [&hellip;]<\/p>\n","protected":false},"featured_media":8024,"template":"","meta":[],"product_brand":[],"product_cat":[145,155,205],"product_tag":[],"class_list":{"0":"post-8037","1":"product","2":"type-product","3":"status-publish","4":"has-post-thumbnail","6":"product_cat-naszyjniki","7":"product_cat-stal-chirurgiczna","8":"product_cat-wszystkie-produkty","10":"first","11":"instock","12":"shipping-taxable","13":"purchasable","14":"product-type-simple"},"jetpack_sharing_enabled":true,"_links":{"self":[{"href":"https:\/\/woka-store.pl\/en\/wp-json\/wp\/v2\/product\/8037","targetHints":{"allow":["GET"]}}],"collection":[{"href":"https:\/\/woka-store.pl\/en\/wp-json\/wp\/v2\/product"}],"about":[{"href":"https:\/\/woka-store.pl\/en\/wp-json\/wp\/v2\/types\/product"}],"version-history":[{"count":6,"href":"https:\/\/woka-store.pl\/en\/wp-json\/wp\/v2\/product\/8037\/revisions"}],"predecessor-version":[{"id":9002,"href":"https:\/\/woka-store.pl\/en\/wp-json\/wp\/v2\/product\/8037\/revisions\/9002"}],"wp:featuredmedia":[{"embeddable":true,"href":"https:\/\/woka-store.pl\/en\/wp-json\/wp\/v2\/media\/8024"}],"wp:attachment":[{"href":"https:\/\/woka-store.pl\/en\/wp-json\/wp\/v2\/media?parent=8037"}],"wp:term":[{"taxonomy":"product_brand","embeddable":true,"href":"https:\/\/woka-store.pl\/en\/wp-json\/wp\/v2\/product_brand?post=8037"},{"taxonomy":"product_cat","embeddable":true,"href":"https:\/\/woka-store.pl\/en\/wp-json\/wp\/v2\/product_cat?post=8037"},{"taxonomy":"product_tag","embeddable":true,"href":"https:\/\/woka-store.pl\/en\/wp-json\/wp\/v2\/product_tag?post=8037"}],"curies":[{"name":"wp","href":"https:\/\/api.w.org\/{rel}","templated":true}]}}