{"id":8042,"date":"2025-09-29T16:08:30","date_gmt":"2025-09-29T15:08:30","guid":{"rendered":"https:\/\/woka-store.pl\/?post_type=product&#038;p=8042"},"modified":"2026-01-25T15:12:15","modified_gmt":"2026-01-25T14:12:15","slug":"naszyjnik-orbola-2","status":"publish","type":"product","link":"https:\/\/woka-store.pl\/en\/product\/naszyjnik-orbola-2\/","title":{"rendered":"Necklace ORBOLA"},"content":{"rendered":"<p>\u2022 Length 37 cm + extension chain 8 cm<br \/>\n\u2022 Freshwater cultured pearls, hematite, surgical steel<br \/>\n\u2022 Handmade by WOKA<\/p>\n<p>! The appearance of the pearls may differ from the photo, as we use baroque pearls and each one is unique<\/p>\n<p>&nbsp;<\/p>\n<p>A striking necklace that combines irregular, lustrous baroque pearls with sleek steel cylinders and beads. The contrast between the organic shapes of the pearls and the geometric precision of the steel elements creates a modern yet timeless piece. Lightweight but visually impactful, this necklace can elevate both casual and elegant outfits, adding a touch of individuality and contemporary sophistication.<\/p>\n<p>&nbsp;<\/p>\n<p>Do you need a different size?<br \/>\nContact us on Instagram <em><a href=\"https:\/\/www.instagram.com\/woka_jewellery\/\">woka_jewellery<\/a><\/em><\/p>","protected":false},"excerpt":{"rendered":"<p>\u2022 D\u0142ugo\u015b\u0107 37 cm + \u0142a\u0144cuszek przed\u0142u\u017ckowy 8 cm \u2022 Per\u0142y hodowlane s\u0142odkowodne, hematyt, stal chirurgiczna \u2022 R\u0119cznie wykonane przez WOKA ! Wygl\u0105d pere\u0142 mo\u017ce r\u00f3\u017cni\u0107 si\u0119 od zdj\u0119cia, poniewa\u017c [&hellip;]<\/p>\n","protected":false},"featured_media":8043,"template":"","meta":[],"product_brand":[],"product_cat":[145,153,205],"product_tag":[],"class_list":{"0":"post-8042","1":"product","2":"type-product","3":"status-publish","4":"has-post-thumbnail","6":"product_cat-naszyjniki","7":"product_cat-perly","8":"product_cat-wszystkie-produkty","10":"first","11":"instock","12":"shipping-taxable","13":"purchasable","14":"product-type-simple"},"jetpack_sharing_enabled":true,"_links":{"self":[{"href":"https:\/\/woka-store.pl\/en\/wp-json\/wp\/v2\/product\/8042","targetHints":{"allow":["GET"]}}],"collection":[{"href":"https:\/\/woka-store.pl\/en\/wp-json\/wp\/v2\/product"}],"about":[{"href":"https:\/\/woka-store.pl\/en\/wp-json\/wp\/v2\/types\/product"}],"version-history":[{"count":8,"href":"https:\/\/woka-store.pl\/en\/wp-json\/wp\/v2\/product\/8042\/revisions"}],"predecessor-version":[{"id":9179,"href":"https:\/\/woka-store.pl\/en\/wp-json\/wp\/v2\/product\/8042\/revisions\/9179"}],"wp:featuredmedia":[{"embeddable":true,"href":"https:\/\/woka-store.pl\/en\/wp-json\/wp\/v2\/media\/8043"}],"wp:attachment":[{"href":"https:\/\/woka-store.pl\/en\/wp-json\/wp\/v2\/media?parent=8042"}],"wp:term":[{"taxonomy":"product_brand","embeddable":true,"href":"https:\/\/woka-store.pl\/en\/wp-json\/wp\/v2\/product_brand?post=8042"},{"taxonomy":"product_cat","embeddable":true,"href":"https:\/\/woka-store.pl\/en\/wp-json\/wp\/v2\/product_cat?post=8042"},{"taxonomy":"product_tag","embeddable":true,"href":"https:\/\/woka-store.pl\/en\/wp-json\/wp\/v2\/product_tag?post=8042"}],"curies":[{"name":"wp","href":"https:\/\/api.w.org\/{rel}","templated":true}]}}