{"id":8119,"date":"2025-10-14T15:47:27","date_gmt":"2025-10-14T14:47:27","guid":{"rendered":"https:\/\/woka-store.pl\/?post_type=product&#038;p=8119"},"modified":"2026-01-15T11:32:39","modified_gmt":"2026-01-15T10:32:39","slug":"kolczyki-glace","status":"publish","type":"product","link":"https:\/\/woka-store.pl\/en\/product\/kolczyki-glace\/","title":{"rendered":"Earrings GLACE"},"content":{"rendered":"<p>\u2022 Length 5\u20135.5 cm<br \/>\n\u2022 Rock crystal, hematite, surgical steel<br \/>\n\u2022 Weight (single piece): 11 g<br \/>\n\u2022 Earrings are sold as a pair (2 pieces)<br \/>\n\u2022 Handmade by WOKA<\/p>\n<p>! The appearance of the crystal may vary and include matte inclusions<\/p>\n<p>&nbsp;<\/p>\n<p data-start=\"93\" data-end=\"270\">Delicate earrings with natural rock crystal that emphasize your individual style. The transparent stone beautifully reflects light, creating a subtle glow with every movement.<\/p>\n<p data-start=\"272\" data-end=\"554\">The lower element can be detached, allowing the earrings to be worn in several ways \u2014 as a full pair, an asymmetrical duo, or a single mono earring.<\/p>\n<p>It\u2019s the perfect choice for those who love to experiment with form and look for jewelry that matches their mood.<\/p>\n<p>&nbsp;<\/p>\n<p>Do you have questions?<br \/>\nContact us on Instagram <em><a href=\"https:\/\/www.instagram.com\/woka_jewellery\/\">woka_jewellery<\/a><\/em><\/p>\n<p>&nbsp;<\/p>","protected":false},"excerpt":{"rendered":"<p>\u2022 D\u0142ugo\u015b\u0107 5-5,5 cm \u2022 Kryszta\u0142 g\u00f3rski, hematyt, stal chirurgiczna \u2022 Masa (pojedynczy element): 11 g \u2022 Kolczyki sprzedawane s\u0105 w parze (2 sztuki) \u2022 R\u0119cznie wykonane przez WOKA ! [&hellip;]<\/p>\n","protected":false},"featured_media":8122,"template":"","meta":[],"product_brand":[],"product_cat":[201,160,205],"product_tag":[],"class_list":{"0":"post-8119","1":"product","2":"type-product","3":"status-publish","4":"has-post-thumbnail","6":"product_cat-kolczyki","7":"product_cat-krysztal-gorski","8":"product_cat-wszystkie-produkty","10":"first","11":"instock","12":"shipping-taxable","13":"purchasable","14":"product-type-simple"},"jetpack_sharing_enabled":true,"_links":{"self":[{"href":"https:\/\/woka-store.pl\/en\/wp-json\/wp\/v2\/product\/8119","targetHints":{"allow":["GET"]}}],"collection":[{"href":"https:\/\/woka-store.pl\/en\/wp-json\/wp\/v2\/product"}],"about":[{"href":"https:\/\/woka-store.pl\/en\/wp-json\/wp\/v2\/types\/product"}],"version-history":[{"count":16,"href":"https:\/\/woka-store.pl\/en\/wp-json\/wp\/v2\/product\/8119\/revisions"}],"predecessor-version":[{"id":8996,"href":"https:\/\/woka-store.pl\/en\/wp-json\/wp\/v2\/product\/8119\/revisions\/8996"}],"wp:featuredmedia":[{"embeddable":true,"href":"https:\/\/woka-store.pl\/en\/wp-json\/wp\/v2\/media\/8122"}],"wp:attachment":[{"href":"https:\/\/woka-store.pl\/en\/wp-json\/wp\/v2\/media?parent=8119"}],"wp:term":[{"taxonomy":"product_brand","embeddable":true,"href":"https:\/\/woka-store.pl\/en\/wp-json\/wp\/v2\/product_brand?post=8119"},{"taxonomy":"product_cat","embeddable":true,"href":"https:\/\/woka-store.pl\/en\/wp-json\/wp\/v2\/product_cat?post=8119"},{"taxonomy":"product_tag","embeddable":true,"href":"https:\/\/woka-store.pl\/en\/wp-json\/wp\/v2\/product_tag?post=8119"}],"curies":[{"name":"wp","href":"https:\/\/api.w.org\/{rel}","templated":true}]}}