{"id":8133,"date":"2025-10-14T15:04:47","date_gmt":"2025-10-14T14:04:47","guid":{"rendered":"https:\/\/woka-store.pl\/?post_type=product&#038;p=8133"},"modified":"2026-04-06T14:20:36","modified_gmt":"2026-04-06T13:20:36","slug":"kolczyki-lunaris","status":"publish","type":"product","link":"https:\/\/woka-store.pl\/en\/product\/kolczyki-lunaris\/","title":{"rendered":"Earrings LUNARIS"},"content":{"rendered":"<p>\u2022 Length 6.5\u20137 cm<br \/>\n\u2022 Freshwater cultured pearls, hematite, surgical steel<br \/>\n\u2022 Weight (single piece): 8 g<br \/>\n\u2022 Earrings are sold as a pair (2 pieces)<br \/>\n\u2022 Handmade by WOKA<\/p>\n<p>! The appearance of the pearls may differ from the photo, as we use baroque pearls and each one is unique<\/p>\n<p>&nbsp;<\/p>\n<p data-start=\"113\" data-end=\"350\">Long earrings with pearls that you can style freely by detaching elements and creating different variations \u2014 from a full pair, through asymmetrical sets, to a single mono earring.<\/p>\n<p data-start=\"352\" data-end=\"598\">The slender element with delicate steel rings draws attention and gives the piece both lightness and a modern character. The combination of the cool shine of steel with the soft luster of pearls creates a unique harmony between subtlety and boldness.<\/p>\n<p data-start=\"600\" data-end=\"760\">This is jewelry that changes with you \u2014 elegant, lightweight, and full of individuality, perfect for both everyday wear and special occasions.<\/p>\n<p>&nbsp;<\/p>\n<p>Do you have questions?<br \/>\nContact us on Instagram <em><a href=\"https:\/\/www.instagram.com\/woka_jewellery\/\">woka_jewellery<\/a><\/em><\/p>","protected":false},"excerpt":{"rendered":"<p>\u2022 D\u0142ugo\u015b\u0107 6,5-7 cm \u2022 Per\u0142y hodowlane s\u0142odkowodne, hematyt, stal chirurgiczna \u2022 Masa (pojedynczy element): 8 g \u2022 Kolczyki sprzedawane s\u0105 w parze (2 sztuki) \u2022 R\u0119cznie wykonane przez WOKA [&hellip;]<\/p>\n","protected":false},"featured_media":8134,"template":"","meta":[],"product_brand":[],"product_cat":[201,153,205],"product_tag":[],"class_list":{"0":"post-8133","1":"product","2":"type-product","3":"status-publish","4":"has-post-thumbnail","6":"product_cat-kolczyki","7":"product_cat-perly","8":"product_cat-wszystkie-produkty","10":"first","11":"outofstock","12":"shipping-taxable","13":"purchasable","14":"product-type-simple"},"jetpack_sharing_enabled":true,"_links":{"self":[{"href":"https:\/\/woka-store.pl\/en\/wp-json\/wp\/v2\/product\/8133","targetHints":{"allow":["GET"]}}],"collection":[{"href":"https:\/\/woka-store.pl\/en\/wp-json\/wp\/v2\/product"}],"about":[{"href":"https:\/\/woka-store.pl\/en\/wp-json\/wp\/v2\/types\/product"}],"version-history":[{"count":9,"href":"https:\/\/woka-store.pl\/en\/wp-json\/wp\/v2\/product\/8133\/revisions"}],"predecessor-version":[{"id":9185,"href":"https:\/\/woka-store.pl\/en\/wp-json\/wp\/v2\/product\/8133\/revisions\/9185"}],"wp:featuredmedia":[{"embeddable":true,"href":"https:\/\/woka-store.pl\/en\/wp-json\/wp\/v2\/media\/8134"}],"wp:attachment":[{"href":"https:\/\/woka-store.pl\/en\/wp-json\/wp\/v2\/media?parent=8133"}],"wp:term":[{"taxonomy":"product_brand","embeddable":true,"href":"https:\/\/woka-store.pl\/en\/wp-json\/wp\/v2\/product_brand?post=8133"},{"taxonomy":"product_cat","embeddable":true,"href":"https:\/\/woka-store.pl\/en\/wp-json\/wp\/v2\/product_cat?post=8133"},{"taxonomy":"product_tag","embeddable":true,"href":"https:\/\/woka-store.pl\/en\/wp-json\/wp\/v2\/product_tag?post=8133"}],"curies":[{"name":"wp","href":"https:\/\/api.w.org\/{rel}","templated":true}]}}