{"id":8137,"date":"2025-10-14T15:27:07","date_gmt":"2025-10-14T14:27:07","guid":{"rendered":"https:\/\/woka-store.pl\/?post_type=product&#038;p=8137"},"modified":"2026-01-24T12:47:19","modified_gmt":"2026-01-24T11:47:19","slug":"kolczyki-lunaris-2","status":"publish","type":"product","link":"https:\/\/woka-store.pl\/en\/product\/kolczyki-lunaris-2\/","title":{"rendered":"Earrings LUNARIS"},"content":{"rendered":"<p>\u2022 Length of the short earring: 4.5 cm, long earring: 6,5 \u2013 7 cm<br \/>\n\u2022 Freshwater cultured pearls, hematite, surgical steel<br \/>\n\u2022 Weight (single piece): short earring \u2013 9 g, long earring \u2013 8 g<br \/>\n\u2022 Earrings are sold as a pair (2 pieces)<br \/>\n\u2022 Handmade by WOKA<\/p>\n<p>! The appearance of the pearls may differ from the photo, as we use baroque pearls and each one is unique<\/p>\n<p>&nbsp;<\/p>\n<p data-start=\"215\" data-end=\"418\">Earrings with natural pearls that can be freely combined by removing elements and creating different variations \u2014 from a complete pair, to an asymmetrical set, or a single statement earring.<\/p>\n<p data-start=\"420\" data-end=\"664\">The longer element with delicate steel rings catches the eye and adds lightness and a modern touch. The cool shine of steel combined with the soft luster of pearls creates a unique harmony between delicacy and strength.<\/p>\n<p data-start=\"666\" data-end=\"759\">This is jewelry that changes with you \u2014 subtle, elegant, and full of individuality.<\/p>\n<p>&nbsp;<\/p>\n<p>Do you have questions?<br \/>\nContact us on Instagram <em><a href=\"https:\/\/www.instagram.com\/woka_jewellery\/\">woka_jewellery<\/a><\/em><\/p>","protected":false},"excerpt":{"rendered":"<p>\u2022 D\u0142ugo\u015b\u0107 kr\u00f3tkiego kolczyka \u2013 4,5 cm, d\u0142ugiego \u20136,5-7 cm \u2022 Per\u0142y hodowlane s\u0142odkowodne, hematyt, stal chirurgiczna \u2022 Masa (pojedynczy element): kr\u00f3tki kolczyk \u2013 9 g, d\u0142ugi \u2013 8 g [&hellip;]<\/p>\n","protected":false},"featured_media":8138,"template":"","meta":[],"product_brand":[],"product_cat":[201,153,205],"product_tag":[],"class_list":{"0":"post-8137","1":"product","2":"type-product","3":"status-publish","4":"has-post-thumbnail","6":"product_cat-kolczyki","7":"product_cat-perly","8":"product_cat-wszystkie-produkty","10":"first","11":"instock","12":"shipping-taxable","13":"purchasable","14":"product-type-simple"},"jetpack_sharing_enabled":true,"_links":{"self":[{"href":"https:\/\/woka-store.pl\/en\/wp-json\/wp\/v2\/product\/8137","targetHints":{"allow":["GET"]}}],"collection":[{"href":"https:\/\/woka-store.pl\/en\/wp-json\/wp\/v2\/product"}],"about":[{"href":"https:\/\/woka-store.pl\/en\/wp-json\/wp\/v2\/types\/product"}],"version-history":[{"count":12,"href":"https:\/\/woka-store.pl\/en\/wp-json\/wp\/v2\/product\/8137\/revisions"}],"predecessor-version":[{"id":9177,"href":"https:\/\/woka-store.pl\/en\/wp-json\/wp\/v2\/product\/8137\/revisions\/9177"}],"wp:featuredmedia":[{"embeddable":true,"href":"https:\/\/woka-store.pl\/en\/wp-json\/wp\/v2\/media\/8138"}],"wp:attachment":[{"href":"https:\/\/woka-store.pl\/en\/wp-json\/wp\/v2\/media?parent=8137"}],"wp:term":[{"taxonomy":"product_brand","embeddable":true,"href":"https:\/\/woka-store.pl\/en\/wp-json\/wp\/v2\/product_brand?post=8137"},{"taxonomy":"product_cat","embeddable":true,"href":"https:\/\/woka-store.pl\/en\/wp-json\/wp\/v2\/product_cat?post=8137"},{"taxonomy":"product_tag","embeddable":true,"href":"https:\/\/woka-store.pl\/en\/wp-json\/wp\/v2\/product_tag?post=8137"}],"curies":[{"name":"wp","href":"https:\/\/api.w.org\/{rel}","templated":true}]}}