{"id":8146,"date":"2025-10-14T15:35:42","date_gmt":"2025-10-14T14:35:42","guid":{"rendered":"https:\/\/woka-store.pl\/?post_type=product&#038;p=8146"},"modified":"2026-02-02T20:34:40","modified_gmt":"2026-02-02T19:34:40","slug":"kolczyki-orbola","status":"publish","type":"product","link":"https:\/\/woka-store.pl\/en\/product\/kolczyki-orbola\/","title":{"rendered":"Earrings ORBOLA"},"content":{"rendered":"<p>\u2022 Length 4\u20134.5 cm<br \/>\n\u2022 Freshwater cultured pearls, hematite, surgical steel<br \/>\n\u2022 Weight (single piece): 9 g<br \/>\n\u2022 Earrings are sold as a pair (2 pieces)<br \/>\n\u2022 Handmade by WOKA<\/p>\n<p>! The appearance of the pearls may differ from the photo, as we use baroque pearls and each one is unique<\/p>\n<p>&nbsp;<\/p>\n<p data-start=\"149\" data-end=\"328\">Earrings with natural pearls that can be freely combined by removing the lower pendant, allowing you to create your own variations \u2014 from a complete pair to a single statement earring.<\/p>\n<p data-start=\"330\" data-end=\"569\">The soft luster of the pearls beautifully contrasts with the cool shine of steel, creating a sensual balance between delicacy and strength. Their minimalist design makes them perfect for both everyday wear and more elegant occasions.<\/p>\n<p data-start=\"571\" data-end=\"692\">Each movement reveals a subtle glow \u2014 the pearls gently reflect the light, adding freshness and lightness to the face.<\/p>\n<p data-start=\"694\" data-end=\"779\">This is jewelry for those who appreciate simplicity, harmony, and timeless elegance.<\/p>\n<p>&nbsp;<\/p>\n<p>Do you have questions?<br \/>\nContact us on Instagram <em><a href=\"https:\/\/www.instagram.com\/woka_jewellery\/\">woka_jewellery<\/a><\/em><\/p>","protected":false},"excerpt":{"rendered":"<p>\u2022 D\u0142ugo\u015b\u0107 4-4,5 cm \u2022 Per\u0142y hodowlane s\u0142odkowodne, hematyt, stal chirurgiczna \u2022 Masa (pojedynczy element): 9 g \u2022 Kolczyki sprzedawane s\u0105 w parze (2 sztuki) \u2022 R\u0119cznie wykonane przez WOKA [&hellip;]<\/p>\n","protected":false},"featured_media":8144,"template":"","meta":[],"product_brand":[],"product_cat":[201,153,205],"product_tag":[],"class_list":{"0":"post-8146","1":"product","2":"type-product","3":"status-publish","4":"has-post-thumbnail","6":"product_cat-kolczyki","7":"product_cat-perly","8":"product_cat-wszystkie-produkty","10":"first","11":"instock","12":"shipping-taxable","13":"purchasable","14":"product-type-simple"},"jetpack_sharing_enabled":true,"_links":{"self":[{"href":"https:\/\/woka-store.pl\/en\/wp-json\/wp\/v2\/product\/8146","targetHints":{"allow":["GET"]}}],"collection":[{"href":"https:\/\/woka-store.pl\/en\/wp-json\/wp\/v2\/product"}],"about":[{"href":"https:\/\/woka-store.pl\/en\/wp-json\/wp\/v2\/types\/product"}],"version-history":[{"count":8,"href":"https:\/\/woka-store.pl\/en\/wp-json\/wp\/v2\/product\/8146\/revisions"}],"predecessor-version":[{"id":8998,"href":"https:\/\/woka-store.pl\/en\/wp-json\/wp\/v2\/product\/8146\/revisions\/8998"}],"wp:featuredmedia":[{"embeddable":true,"href":"https:\/\/woka-store.pl\/en\/wp-json\/wp\/v2\/media\/8144"}],"wp:attachment":[{"href":"https:\/\/woka-store.pl\/en\/wp-json\/wp\/v2\/media?parent=8146"}],"wp:term":[{"taxonomy":"product_brand","embeddable":true,"href":"https:\/\/woka-store.pl\/en\/wp-json\/wp\/v2\/product_brand?post=8146"},{"taxonomy":"product_cat","embeddable":true,"href":"https:\/\/woka-store.pl\/en\/wp-json\/wp\/v2\/product_cat?post=8146"},{"taxonomy":"product_tag","embeddable":true,"href":"https:\/\/woka-store.pl\/en\/wp-json\/wp\/v2\/product_tag?post=8146"}],"curies":[{"name":"wp","href":"https:\/\/api.w.org\/{rel}","templated":true}]}}