{"id":8148,"date":"2025-10-14T15:42:13","date_gmt":"2025-10-14T14:42:13","guid":{"rendered":"https:\/\/woka-store.pl\/?post_type=product&#038;p=8148"},"modified":"2026-01-24T12:42:20","modified_gmt":"2026-01-24T11:42:20","slug":"kolczyki-orbola-2","status":"publish","type":"product","link":"https:\/\/woka-store.pl\/en\/product\/kolczyki-orbola-2\/","title":{"rendered":"Earrings ORBOLA"},"content":{"rendered":"<p>\u2022 Length of the short earring: 4\u20134.5 cm, long earring: 11\u201311.5 cm<br \/>\n\u2022 Freshwater cultured pearls, hematite, surgical steel<br \/>\n\u2022 Weight (single piece): short earring \u2013 9 g, long earring \u2013 8 g<br \/>\n\u2022 Earrings are sold as a pair (2 pieces)<br \/>\n\u2022 Handmade by WOKA<\/p>\n<p>! The appearance of the pearls may differ from the photo, as we use baroque pearls and each one is unique<\/p>\n<p>&nbsp;<\/p>\n<p data-start=\"154\" data-end=\"387\">Subtle yet full of character, these earrings with natural pearls combine classic elegance with a modern touch. The soft luster of the pearls beautifully contrasts with the cool shine of steel, creating a sensual balance between delicacy and strength.<\/p>\n<p data-start=\"389\" data-end=\"640\">The asymmetrical design and long chain add lightness and movement \u2014 with every step, the pearls gently dance in the light. The earrings can be worn in different ways: as a matching pair, an asymmetrical set, or a single statement earring.<\/p>\n<p data-start=\"642\" data-end=\"755\">This is jewelry for those who appreciate subtle yet expressive details and want their style to speak for itself.<\/p>\n<p>&nbsp;<\/p>\n<p>Do you have questions?<br \/>\nContact us on Instagram <em><a href=\"https:\/\/www.instagram.com\/woka_jewellery\/\">woka_jewellery<\/a><\/em><\/p>","protected":false},"excerpt":{"rendered":"<p>\u2022 D\u0142ugo\u015b\u0107 kr\u00f3tkiego kolczyka \u2013 4-4,5 cm, d\u0142ugiego \u201311-11,5 cm \u2022 Per\u0142y hodowlane s\u0142odkowodne, hematyt, stal chirurgiczna \u2022 Masa (pojedynczy element): kr\u00f3tki kolczyk \u2013 9 g, d\u0142ugi \u2013 8 g [&hellip;]<\/p>\n","protected":false},"featured_media":8142,"template":"","meta":[],"product_brand":[],"product_cat":[201,23,153,205],"product_tag":[],"class_list":{"0":"post-8148","1":"product","2":"type-product","3":"status-publish","4":"has-post-thumbnail","6":"product_cat-kolczyki","7":"product_cat-misc","8":"product_cat-perly","9":"product_cat-wszystkie-produkty","11":"first","12":"instock","13":"shipping-taxable","14":"purchasable","15":"product-type-simple"},"jetpack_sharing_enabled":true,"_links":{"self":[{"href":"https:\/\/woka-store.pl\/en\/wp-json\/wp\/v2\/product\/8148","targetHints":{"allow":["GET"]}}],"collection":[{"href":"https:\/\/woka-store.pl\/en\/wp-json\/wp\/v2\/product"}],"about":[{"href":"https:\/\/woka-store.pl\/en\/wp-json\/wp\/v2\/types\/product"}],"version-history":[{"count":11,"href":"https:\/\/woka-store.pl\/en\/wp-json\/wp\/v2\/product\/8148\/revisions"}],"predecessor-version":[{"id":9175,"href":"https:\/\/woka-store.pl\/en\/wp-json\/wp\/v2\/product\/8148\/revisions\/9175"}],"wp:featuredmedia":[{"embeddable":true,"href":"https:\/\/woka-store.pl\/en\/wp-json\/wp\/v2\/media\/8142"}],"wp:attachment":[{"href":"https:\/\/woka-store.pl\/en\/wp-json\/wp\/v2\/media?parent=8148"}],"wp:term":[{"taxonomy":"product_brand","embeddable":true,"href":"https:\/\/woka-store.pl\/en\/wp-json\/wp\/v2\/product_brand?post=8148"},{"taxonomy":"product_cat","embeddable":true,"href":"https:\/\/woka-store.pl\/en\/wp-json\/wp\/v2\/product_cat?post=8148"},{"taxonomy":"product_tag","embeddable":true,"href":"https:\/\/woka-store.pl\/en\/wp-json\/wp\/v2\/product_tag?post=8148"}],"curies":[{"name":"wp","href":"https:\/\/api.w.org\/{rel}","templated":true}]}}