{"id":8369,"date":"2025-10-20T13:06:47","date_gmt":"2025-10-20T12:06:47","guid":{"rendered":"https:\/\/woka-store.pl\/?post_type=product&#038;p=8369"},"modified":"2026-01-24T12:48:53","modified_gmt":"2026-01-24T11:48:53","slug":"bransoletka-howlit","status":"publish","type":"product","link":"https:\/\/woka-store.pl\/en\/product\/bransoletka-howlit\/","title":{"rendered":"Bracelet HOWLIT"},"content":{"rendered":"<p>\u2022 Length 19 cm + 2 cm extension chain<br \/>\n\u2022 Howlite, hematite, stainless steel<br \/>\n\u2022 Handmade by WOKA<\/p>\n<p>&nbsp;<\/p>\n<p>A men's bracelet made of white stones with a marble pattern, combined with shiny hematite. The contrast between the soft, light tones of the stones and the deep hue of the hematite creates a bold, modern design. Perfect for everyday and casual outfits, as well as an elegant addition when layered with other bracelets.<\/p>\n<p>&nbsp;<\/p>\n<p>Do you need a different size?<br \/>\nContact us on Instagram <em><a href=\"https:\/\/www.instagram.com\/woka_jewellery\/\">woka_jewellery<\/a><\/em><\/p>","protected":false},"excerpt":{"rendered":"<p>\u2022 D\u0142ugo\u015b\u0107 19 cm + \u0142a\u0144cuszek przed\u0142u\u017cka 2 cm \u2022 Howlit, hematyt, stal chirurgiczna \u2022 R\u0119cznie wykonane przez WOKA &nbsp; M\u0119ska bransoletka wykonana z bia\u0142ych kamieni o marmurkowym wzorze, w [&hellip;]<\/p>\n","protected":false},"featured_media":8370,"template":"","meta":[],"product_brand":[],"product_cat":[143],"product_tag":[],"class_list":{"0":"post-8369","1":"product","2":"type-product","3":"status-publish","4":"has-post-thumbnail","6":"product_cat-on","8":"first","9":"instock","10":"shipping-taxable","11":"purchasable","12":"product-type-simple"},"jetpack_sharing_enabled":true,"_links":{"self":[{"href":"https:\/\/woka-store.pl\/en\/wp-json\/wp\/v2\/product\/8369","targetHints":{"allow":["GET"]}}],"collection":[{"href":"https:\/\/woka-store.pl\/en\/wp-json\/wp\/v2\/product"}],"about":[{"href":"https:\/\/woka-store.pl\/en\/wp-json\/wp\/v2\/types\/product"}],"version-history":[{"count":2,"href":"https:\/\/woka-store.pl\/en\/wp-json\/wp\/v2\/product\/8369\/revisions"}],"predecessor-version":[{"id":8992,"href":"https:\/\/woka-store.pl\/en\/wp-json\/wp\/v2\/product\/8369\/revisions\/8992"}],"wp:featuredmedia":[{"embeddable":true,"href":"https:\/\/woka-store.pl\/en\/wp-json\/wp\/v2\/media\/8370"}],"wp:attachment":[{"href":"https:\/\/woka-store.pl\/en\/wp-json\/wp\/v2\/media?parent=8369"}],"wp:term":[{"taxonomy":"product_brand","embeddable":true,"href":"https:\/\/woka-store.pl\/en\/wp-json\/wp\/v2\/product_brand?post=8369"},{"taxonomy":"product_cat","embeddable":true,"href":"https:\/\/woka-store.pl\/en\/wp-json\/wp\/v2\/product_cat?post=8369"},{"taxonomy":"product_tag","embeddable":true,"href":"https:\/\/woka-store.pl\/en\/wp-json\/wp\/v2\/product_tag?post=8369"}],"curies":[{"name":"wp","href":"https:\/\/api.w.org\/{rel}","templated":true}]}}