{"id":8374,"date":"2025-10-20T13:18:12","date_gmt":"2025-10-20T12:18:12","guid":{"rendered":"https:\/\/woka-store.pl\/?post_type=product&#038;p=8374"},"modified":"2026-01-15T11:32:09","modified_gmt":"2026-01-15T10:32:09","slug":"bransoletka-jaspis-2","status":"publish","type":"product","link":"https:\/\/woka-store.pl\/en\/product\/bransoletka-jaspis-2\/","title":{"rendered":"Bracelet JASPER"},"content":{"rendered":"<p>\u2022 Length 19 cm + 2 cm extension chain<br \/>\n\u2022 Jasper, hematite, stainless steel<br \/>\n\u2022 Handmade by WOKA<\/p>\n<p>&nbsp;<\/p>\n<p>A men's bracelet made of natural brown jasper, accented with bronze hematite. The combination of warm, earthy jasper tones with the metallic shine of hematite creates a bold and modern design. Perfect worn alone or layered with other masculine accessories, adding character to any outfit.<\/p>\n<p>&nbsp;<\/p>\n<p>Do you need a different size?<br \/>\nContact us on Instagram <em><a href=\"https:\/\/www.instagram.com\/woka_jewellery\/\">woka_jewellery<\/a><\/em><\/p>","protected":false},"excerpt":{"rendered":"<p>\u2022 D\u0142ugo\u015b\u0107 19 cm + \u0142a\u0144cuszek przed\u0142u\u017cka 2 cm \u2022 Jaspis, hematyt, stal chirurgiczna \u2022 R\u0119cznie wykonane przez WOKA &nbsp; M\u0119ska bransoletka wykonana z naturalnego br\u0105zowego jaspisu, uzupe\u0142niona akcentami z [&hellip;]<\/p>\n","protected":false},"featured_media":8375,"template":"","meta":[],"product_brand":[],"product_cat":[143],"product_tag":[],"class_list":{"0":"post-8374","1":"product","2":"type-product","3":"status-publish","4":"has-post-thumbnail","6":"product_cat-on","8":"first","9":"instock","10":"shipping-taxable","11":"purchasable","12":"product-type-simple"},"jetpack_sharing_enabled":true,"_links":{"self":[{"href":"https:\/\/woka-store.pl\/en\/wp-json\/wp\/v2\/product\/8374","targetHints":{"allow":["GET"]}}],"collection":[{"href":"https:\/\/woka-store.pl\/en\/wp-json\/wp\/v2\/product"}],"about":[{"href":"https:\/\/woka-store.pl\/en\/wp-json\/wp\/v2\/types\/product"}],"version-history":[{"count":2,"href":"https:\/\/woka-store.pl\/en\/wp-json\/wp\/v2\/product\/8374\/revisions"}],"predecessor-version":[{"id":8991,"href":"https:\/\/woka-store.pl\/en\/wp-json\/wp\/v2\/product\/8374\/revisions\/8991"}],"wp:featuredmedia":[{"embeddable":true,"href":"https:\/\/woka-store.pl\/en\/wp-json\/wp\/v2\/media\/8375"}],"wp:attachment":[{"href":"https:\/\/woka-store.pl\/en\/wp-json\/wp\/v2\/media?parent=8374"}],"wp:term":[{"taxonomy":"product_brand","embeddable":true,"href":"https:\/\/woka-store.pl\/en\/wp-json\/wp\/v2\/product_brand?post=8374"},{"taxonomy":"product_cat","embeddable":true,"href":"https:\/\/woka-store.pl\/en\/wp-json\/wp\/v2\/product_cat?post=8374"},{"taxonomy":"product_tag","embeddable":true,"href":"https:\/\/woka-store.pl\/en\/wp-json\/wp\/v2\/product_tag?post=8374"}],"curies":[{"name":"wp","href":"https:\/\/api.w.org\/{rel}","templated":true}]}}