{"id":8409,"date":"2025-10-23T17:03:22","date_gmt":"2025-10-23T16:03:22","guid":{"rendered":"https:\/\/woka-store.pl\/?post_type=product&#038;p=8409"},"modified":"2026-01-24T12:38:51","modified_gmt":"2026-01-24T11:38:51","slug":"kolczyki-aura","status":"publish","type":"product","link":"https:\/\/woka-store.pl\/en\/product\/kolczyki-aura\/","title":{"rendered":"Earrings Aura"},"content":{"rendered":"<p>\u2022 Length of the short earring \u2013 5.5 cm, long earring \u2013 11 cm<br \/>\n\u2022 Cat\u2019s eye, hematite, surgical steel<br \/>\n\u2022 Weight (single piece): short earring \u2013 7 g, long earring \u2013 11 g<br \/>\n\u2022 Earrings are sold as a pair (2 pieces)<br \/>\n\u2022 Handmade by WOKA<\/p>\n<p>&nbsp;<\/p>\n<p>Discover the magic of asymmetry with our modular earrings. One is long, the other short \u2013 you can wear them together or separately, creating your own unique style. The cat\u2019s eye stone subtly shimmers in white and blue, while stainless steel adds a modern touch. Perfect for those who love to experiment with jewelry and express their individuality.<\/p>\n<p>&nbsp;<\/p>\n<p>Do you have questions?<br \/>\nContact us on Instagram <em><a href=\"https:\/\/www.instagram.com\/woka_jewellery\/\">woka_jewellery<\/a><\/em><\/p>","protected":false},"excerpt":{"rendered":"<p>\u2022 D\u0142ugo\u015b\u0107 kr\u00f3tkiego kolczyka \u2013 5,5 cm, d\u0142ugiego kolczyka \u201311 cm \u2022 Kocie oko, hematyt, stal chirurgiczna \u2022 Masa (pojedynczy element): kr\u00f3tki kolczyk \u2013 7 g, d\u0142ugi \u2013 11 g [&hellip;]<\/p>\n","protected":false},"featured_media":8411,"template":"","meta":[],"product_brand":[],"product_cat":[201,155,205],"product_tag":[],"class_list":{"0":"post-8409","1":"product","2":"type-product","3":"status-publish","4":"has-post-thumbnail","6":"product_cat-kolczyki","7":"product_cat-stal-chirurgiczna","8":"product_cat-wszystkie-produkty","10":"first","11":"instock","12":"shipping-taxable","13":"purchasable","14":"product-type-simple"},"jetpack_sharing_enabled":true,"_links":{"self":[{"href":"https:\/\/woka-store.pl\/en\/wp-json\/wp\/v2\/product\/8409","targetHints":{"allow":["GET"]}}],"collection":[{"href":"https:\/\/woka-store.pl\/en\/wp-json\/wp\/v2\/product"}],"about":[{"href":"https:\/\/woka-store.pl\/en\/wp-json\/wp\/v2\/types\/product"}],"version-history":[{"count":6,"href":"https:\/\/woka-store.pl\/en\/wp-json\/wp\/v2\/product\/8409\/revisions"}],"predecessor-version":[{"id":9172,"href":"https:\/\/woka-store.pl\/en\/wp-json\/wp\/v2\/product\/8409\/revisions\/9172"}],"wp:featuredmedia":[{"embeddable":true,"href":"https:\/\/woka-store.pl\/en\/wp-json\/wp\/v2\/media\/8411"}],"wp:attachment":[{"href":"https:\/\/woka-store.pl\/en\/wp-json\/wp\/v2\/media?parent=8409"}],"wp:term":[{"taxonomy":"product_brand","embeddable":true,"href":"https:\/\/woka-store.pl\/en\/wp-json\/wp\/v2\/product_brand?post=8409"},{"taxonomy":"product_cat","embeddable":true,"href":"https:\/\/woka-store.pl\/en\/wp-json\/wp\/v2\/product_cat?post=8409"},{"taxonomy":"product_tag","embeddable":true,"href":"https:\/\/woka-store.pl\/en\/wp-json\/wp\/v2\/product_tag?post=8409"}],"curies":[{"name":"wp","href":"https:\/\/api.w.org\/{rel}","templated":true}]}}