{"id":8478,"date":"2025-11-10T09:53:52","date_gmt":"2025-11-10T08:53:52","guid":{"rendered":"https:\/\/woka-store.pl\/?post_type=product&#038;p=8478"},"modified":"2026-04-21T10:17:47","modified_gmt":"2026-04-21T09:17:47","slug":"kolczyki-eclipse","status":"publish","type":"product","link":"https:\/\/woka-store.pl\/en\/product\/kolczyki-eclipse\/","title":{"rendered":"Earrings ECLIPSE"},"content":{"rendered":"<p>\u2022 Length of the short earring \u2013 5 cm, long earring \u2013 12 cm<br \/>\n\u2022 Freshwater cultured pearls, hematite, surgical steel<br \/>\n\u2022 Weight (single piece): short earring \u2013 6 g, long earring \u2013 9 g<br \/>\n\u2022 Earrings are sold as a pair (2 pieces)<br \/>\n\u2022 Handmade by WOKA<\/p>\n<p>&nbsp;<\/p>\n<p>Eclipse earrings are a play of light and shadow, form and balance.<br \/>\nMade of stainless steel and dark pearl, they combine the cool shine of metal with the soft glow of depth.<\/p>\n<p>The asymmetrical design \u2013 one longer, one shorter earring \u2013 allows you to wear them in different ways: together, separately, or combined with other WOKA jewelry.<\/p>\n<p>&nbsp;<\/p>\n<p>Do you have questions?<br \/>\nContact us on Instagram <em><a href=\"https:\/\/www.instagram.com\/woka_jewellery\/\">woka_jewellery<\/a><\/em><\/p>","protected":false},"excerpt":{"rendered":"<p>\u2022 D\u0142ugo\u015b\u0107 kr\u00f3tkiego kolczyka \u2013 5 cm, d\u0142ugiego kolczyka \u201312 cm \u2022 Per\u0142y hodowlane s\u0142odkowodne, hematyt, stal chirurgiczna \u2022 Masa (pojedynczy element): kr\u00f3tki kolczyk \u2013 6 g, d\u0142ugi \u2013 9 [&hellip;]<\/p>\n","protected":false},"featured_media":8482,"template":"","meta":[],"product_brand":[],"product_cat":[201,153,203,205],"product_tag":[202],"class_list":{"0":"post-8478","1":"product","2":"type-product","3":"status-publish","4":"has-post-thumbnail","6":"product_cat-kolczyki","7":"product_cat-perly","8":"product_cat-perly-pawie-oko","9":"product_cat-wszystkie-produkty","10":"product_tag-ostatnia-sztuka","12":"first","13":"instock","14":"shipping-taxable","15":"purchasable","16":"product-type-simple"},"jetpack_sharing_enabled":true,"_links":{"self":[{"href":"https:\/\/woka-store.pl\/en\/wp-json\/wp\/v2\/product\/8478","targetHints":{"allow":["GET"]}}],"collection":[{"href":"https:\/\/woka-store.pl\/en\/wp-json\/wp\/v2\/product"}],"about":[{"href":"https:\/\/woka-store.pl\/en\/wp-json\/wp\/v2\/types\/product"}],"version-history":[{"count":12,"href":"https:\/\/woka-store.pl\/en\/wp-json\/wp\/v2\/product\/8478\/revisions"}],"predecessor-version":[{"id":9480,"href":"https:\/\/woka-store.pl\/en\/wp-json\/wp\/v2\/product\/8478\/revisions\/9480"}],"wp:featuredmedia":[{"embeddable":true,"href":"https:\/\/woka-store.pl\/en\/wp-json\/wp\/v2\/media\/8482"}],"wp:attachment":[{"href":"https:\/\/woka-store.pl\/en\/wp-json\/wp\/v2\/media?parent=8478"}],"wp:term":[{"taxonomy":"product_brand","embeddable":true,"href":"https:\/\/woka-store.pl\/en\/wp-json\/wp\/v2\/product_brand?post=8478"},{"taxonomy":"product_cat","embeddable":true,"href":"https:\/\/woka-store.pl\/en\/wp-json\/wp\/v2\/product_cat?post=8478"},{"taxonomy":"product_tag","embeddable":true,"href":"https:\/\/woka-store.pl\/en\/wp-json\/wp\/v2\/product_tag?post=8478"}],"curies":[{"name":"wp","href":"https:\/\/api.w.org\/{rel}","templated":true}]}}