{"id":8498,"date":"2025-11-10T11:10:01","date_gmt":"2025-11-10T10:10:01","guid":{"rendered":"https:\/\/woka-store.pl\/?post_type=product&#038;p=8498"},"modified":"2026-04-21T10:18:04","modified_gmt":"2026-04-21T09:18:04","slug":"naszyjnik-eclipse-2","status":"publish","type":"product","link":"https:\/\/woka-store.pl\/en\/product\/naszyjnik-eclipse-2\/","title":{"rendered":"Necklace ECLIPSE"},"content":{"rendered":"<p>\u2022 Length: 44 cm + 8 cm extension chain<br \/>\n\u2022 Freshwater cultured pearls, hematite, surgical steel<br \/>\n\u2022 Handmade by WOKA<\/p>\n<p>&nbsp;<\/p>\n<p data-start=\"80\" data-end=\"308\">The Eclipse necklace combines a single dark pearl with the cool shine of stainless steel. Its sleek, minimalist design makes it perfect as a standalone piece or paired with other WOKA jewelry. It subtly highlights individual style while maintaining a balance of elegance and simplicity.<\/p>\n<p>&nbsp;<\/p>\n<p>Do you need a different size?<br \/>\nContact us on Instagram <em><a href=\"https:\/\/www.instagram.com\/woka_jewellery\/\">woka_jewellery<\/a><\/em><\/p>","protected":false},"excerpt":{"rendered":"<p>\u2022 D\u0142ugo\u015b\u0107 44 cm + \u0142a\u0144cuszek przed\u0142u\u017ckowy 8 cm \u2022 Per\u0142y hodowlane s\u0142odkowodne, hematyt, stal chirurgiczna \u2022 R\u0119cznie wykonane przez WOKA &nbsp; Naszyjnik Eclipse \u0142\u0105czy pojedyncz\u0105 ciemn\u0105 per\u0142\u0119 o g\u0142\u0119bokim [&hellip;]<\/p>\n","protected":false},"featured_media":8501,"template":"","meta":[],"product_brand":[],"product_cat":[145,153,203,205],"product_tag":[202],"class_list":{"0":"post-8498","1":"product","2":"type-product","3":"status-publish","4":"has-post-thumbnail","6":"product_cat-naszyjniki","7":"product_cat-perly","8":"product_cat-perly-pawie-oko","9":"product_cat-wszystkie-produkty","10":"product_tag-ostatnia-sztuka","12":"first","13":"instock","14":"shipping-taxable","15":"purchasable","16":"product-type-simple"},"jetpack_sharing_enabled":true,"_links":{"self":[{"href":"https:\/\/woka-store.pl\/en\/wp-json\/wp\/v2\/product\/8498","targetHints":{"allow":["GET"]}}],"collection":[{"href":"https:\/\/woka-store.pl\/en\/wp-json\/wp\/v2\/product"}],"about":[{"href":"https:\/\/woka-store.pl\/en\/wp-json\/wp\/v2\/types\/product"}],"version-history":[{"count":4,"href":"https:\/\/woka-store.pl\/en\/wp-json\/wp\/v2\/product\/8498\/revisions"}],"predecessor-version":[{"id":8985,"href":"https:\/\/woka-store.pl\/en\/wp-json\/wp\/v2\/product\/8498\/revisions\/8985"}],"wp:featuredmedia":[{"embeddable":true,"href":"https:\/\/woka-store.pl\/en\/wp-json\/wp\/v2\/media\/8501"}],"wp:attachment":[{"href":"https:\/\/woka-store.pl\/en\/wp-json\/wp\/v2\/media?parent=8498"}],"wp:term":[{"taxonomy":"product_brand","embeddable":true,"href":"https:\/\/woka-store.pl\/en\/wp-json\/wp\/v2\/product_brand?post=8498"},{"taxonomy":"product_cat","embeddable":true,"href":"https:\/\/woka-store.pl\/en\/wp-json\/wp\/v2\/product_cat?post=8498"},{"taxonomy":"product_tag","embeddable":true,"href":"https:\/\/woka-store.pl\/en\/wp-json\/wp\/v2\/product_tag?post=8498"}],"curies":[{"name":"wp","href":"https:\/\/api.w.org\/{rel}","templated":true}]}}