{"id":8554,"date":"2025-11-21T15:15:12","date_gmt":"2025-11-21T14:15:12","guid":{"rendered":"https:\/\/woka-store.pl\/?post_type=product&#038;p=8554"},"modified":"2026-01-15T11:29:30","modified_gmt":"2026-01-15T10:29:30","slug":"bransoletka-petal","status":"publish","type":"product","link":"https:\/\/woka-store.pl\/en\/product\/bransoletka-petal\/","title":{"rendered":"Bracelet PETAL"},"content":{"rendered":"<p>\u2022 Length 16.5 cm + 2 cm extension chain<br \/>\n\u2022 Freshwater cultured pearls, surgical steel<br \/>\n\u2022 Handmade by WOKA<\/p>\n<p>&nbsp;<\/p>\n<p data-start=\"51\" data-end=\"360\">Each pearl has its own unique shape, creating an unparalleled structure \u2013 the pearls face in different directions, giving the bracelet an organic, artistic character.<\/p>\n<p data-start=\"362\" data-end=\"572\">It is delicate yet distinctive jewelry, perfect for those who value naturalness, individuality, and the beauty of imperfect forms. Ideal as a gift or as an elegant accent for everyday outfits.<\/p>\n<p>&nbsp;<\/p>\n<p>Do you need a different size?<br \/>\nContact us on Instagram <em><a href=\"https:\/\/www.instagram.com\/woka_jewellery\/\">woka_jewellery<\/a><\/em><\/p>","protected":false},"excerpt":{"rendered":"<p>\u2022 D\u0142ugo\u015b\u0107 16,5 cm + \u0142a\u0144cuszek przed\u0142u\u017ckowy 2 cm \u2022 Per\u0142y hodowlane s\u0142odkowodne, stal chirurgiczna \u2022 R\u0119cznie wykonane przez WOKA &nbsp; Ka\u017cda pere\u0142ka ma sw\u00f3j unikatowy kszta\u0142t, dzi\u0119ki czemu tworzy [&hellip;]<\/p>\n","protected":false},"featured_media":8556,"template":"","meta":[],"product_brand":[],"product_cat":[146,153,205],"product_tag":[],"class_list":{"0":"post-8554","1":"product","2":"type-product","3":"status-publish","4":"has-post-thumbnail","6":"product_cat-bransoletki","7":"product_cat-perly","8":"product_cat-wszystkie-produkty","10":"first","11":"instock","12":"shipping-taxable","13":"purchasable","14":"product-type-simple"},"jetpack_sharing_enabled":true,"_links":{"self":[{"href":"https:\/\/woka-store.pl\/en\/wp-json\/wp\/v2\/product\/8554","targetHints":{"allow":["GET"]}}],"collection":[{"href":"https:\/\/woka-store.pl\/en\/wp-json\/wp\/v2\/product"}],"about":[{"href":"https:\/\/woka-store.pl\/en\/wp-json\/wp\/v2\/types\/product"}],"version-history":[{"count":2,"href":"https:\/\/woka-store.pl\/en\/wp-json\/wp\/v2\/product\/8554\/revisions"}],"predecessor-version":[{"id":8984,"href":"https:\/\/woka-store.pl\/en\/wp-json\/wp\/v2\/product\/8554\/revisions\/8984"}],"wp:featuredmedia":[{"embeddable":true,"href":"https:\/\/woka-store.pl\/en\/wp-json\/wp\/v2\/media\/8556"}],"wp:attachment":[{"href":"https:\/\/woka-store.pl\/en\/wp-json\/wp\/v2\/media?parent=8554"}],"wp:term":[{"taxonomy":"product_brand","embeddable":true,"href":"https:\/\/woka-store.pl\/en\/wp-json\/wp\/v2\/product_brand?post=8554"},{"taxonomy":"product_cat","embeddable":true,"href":"https:\/\/woka-store.pl\/en\/wp-json\/wp\/v2\/product_cat?post=8554"},{"taxonomy":"product_tag","embeddable":true,"href":"https:\/\/woka-store.pl\/en\/wp-json\/wp\/v2\/product_tag?post=8554"}],"curies":[{"name":"wp","href":"https:\/\/api.w.org\/{rel}","templated":true}]}}