{"id":8692,"date":"2025-12-09T18:53:28","date_gmt":"2025-12-09T17:53:28","guid":{"rendered":"https:\/\/woka-store.pl\/?post_type=product&#038;p=8692"},"modified":"2026-04-15T12:11:28","modified_gmt":"2026-04-15T11:11:28","slug":"bransoletka-bubbles","status":"publish","type":"product","link":"https:\/\/woka-store.pl\/en\/product\/bransoletka-bubbles\/","title":{"rendered":"Bracelet BUBBLES"},"content":{"rendered":"<p>\u2022 Length 16 cm + extension chain 2 cm<br \/>\n\u2022 Surgical steel<br \/>\n\u2022 Handmade by WOKA<\/p>\n<p>&nbsp;<\/p>\n<p data-start=\"214\" data-end=\"578\">A delicate and lightweight bracelet made of round, glossy beads that subtly resemble small bubbles. Their smooth, spherical shape adds elegance to the jewelry, while the soft shine beautifully reflects the light with every movement.<br data-start=\"454\" data-end=\"457\" \/>It\u2019s a minimalist yet striking accessory \u2014 perfect for everyday wear as well as for more special occasions.<\/p>\n<p data-start=\"580\" data-end=\"675\">he bracelet pairs perfectly with other WOKA models, creating light and harmonious sets.<\/p>\n<p>&nbsp;<\/p>\n<p>Do you need a different size?<br \/>\nContact us on Instagram <em><a href=\"https:\/\/www.instagram.com\/woka_jewellery\/\">woka_jewellery<\/a><\/em><\/p>","protected":false},"excerpt":{"rendered":"<p>\u2022 D\u0142ugo\u015b\u0107 16 cm + \u0142a\u0144cuszek przed\u0142u\u017ckowy 2 cm \u2022 Stal chirurgiczna \u2022 R\u0119cznie wykonane przez WOKA &nbsp; Delikatna i pe\u0142na lekko\u015bci bransoletka wykonana z okr\u0105g\u0142ych, po\u0142yskuj\u0105cych koralik\u00f3w, kt\u00f3re subtelnie [&hellip;]<\/p>\n","protected":false},"featured_media":8673,"template":"","meta":[],"product_brand":[],"product_cat":[146,155,205],"product_tag":[],"class_list":{"0":"post-8692","1":"product","2":"type-product","3":"status-publish","4":"has-post-thumbnail","6":"product_cat-bransoletki","7":"product_cat-stal-chirurgiczna","8":"product_cat-wszystkie-produkty","10":"first","11":"instock","12":"shipping-taxable","13":"purchasable","14":"product-type-simple"},"jetpack_sharing_enabled":true,"_links":{"self":[{"href":"https:\/\/woka-store.pl\/en\/wp-json\/wp\/v2\/product\/8692","targetHints":{"allow":["GET"]}}],"collection":[{"href":"https:\/\/woka-store.pl\/en\/wp-json\/wp\/v2\/product"}],"about":[{"href":"https:\/\/woka-store.pl\/en\/wp-json\/wp\/v2\/types\/product"}],"version-history":[{"count":3,"href":"https:\/\/woka-store.pl\/en\/wp-json\/wp\/v2\/product\/8692\/revisions"}],"predecessor-version":[{"id":8980,"href":"https:\/\/woka-store.pl\/en\/wp-json\/wp\/v2\/product\/8692\/revisions\/8980"}],"wp:featuredmedia":[{"embeddable":true,"href":"https:\/\/woka-store.pl\/en\/wp-json\/wp\/v2\/media\/8673"}],"wp:attachment":[{"href":"https:\/\/woka-store.pl\/en\/wp-json\/wp\/v2\/media?parent=8692"}],"wp:term":[{"taxonomy":"product_brand","embeddable":true,"href":"https:\/\/woka-store.pl\/en\/wp-json\/wp\/v2\/product_brand?post=8692"},{"taxonomy":"product_cat","embeddable":true,"href":"https:\/\/woka-store.pl\/en\/wp-json\/wp\/v2\/product_cat?post=8692"},{"taxonomy":"product_tag","embeddable":true,"href":"https:\/\/woka-store.pl\/en\/wp-json\/wp\/v2\/product_tag?post=8692"}],"curies":[{"name":"wp","href":"https:\/\/api.w.org\/{rel}","templated":true}]}}