{"id":8877,"date":"2025-12-21T17:05:59","date_gmt":"2025-12-21T16:05:59","guid":{"rendered":"https:\/\/woka-store.pl\/?post_type=product&#038;p=8877"},"modified":"2026-03-25T13:51:14","modified_gmt":"2026-03-25T12:51:14","slug":"bransoletka-bluemist","status":"publish","type":"product","link":"https:\/\/woka-store.pl\/en\/product\/bransoletka-bluemist\/","title":{"rendered":"Bracelet BLUEMIST"},"content":{"rendered":"<p>\u2022 Length 17.5 cm + 2 cm extension chain (Fits a wrist size of 15\u201318 cm)<br \/>\n\u2022 Chalcedony, surgical steel<br \/>\n\u2022 Handmade by WOKA<\/p>\n<p>&nbsp;<\/p>\n<p data-start=\"100\" data-end=\"313\">A delicate bracelet made of chalcedony captivates with its subtle color and timeless elegance. This stone symbolizes calm, harmony, and inner balance, giving the jewelry a light and soothing character.<\/p>\n<p data-start=\"315\" data-end=\"548\">The bracelet sits beautifully on the wrist, gently complementing both everyday looks and more elegant styles. Perfect to wear on its own or combined with other WOKA bracelets to create a cohesive and stylish composition.<\/p>\n<p>&nbsp;<\/p>\n<p>Do you need a different size?<br \/>\nContact us on Instagram <em><a href=\"https:\/\/www.instagram.com\/woka_jewellery\/\">woka_jewellery<\/a><\/em><\/p>","protected":false},"excerpt":{"rendered":"<p>\u2022 D\u0142ugo\u015b\u0107 17,5 cm + \u0142a\u0144cuszek przed\u0142u\u017ckowy 2 cm (Pasuje na nadgarstek o obwodzie 15\u201318 cm) \u2022 \u0421halcedon, stal chirurgiczna \u2022 R\u0119cznie wykonane przez WOKA &nbsp; Delikatna bransoletka z chalcedonu [&hellip;]<\/p>\n","protected":false},"featured_media":8836,"template":"","meta":[],"product_brand":[],"product_cat":[146,178,199],"product_tag":[202],"class_list":{"0":"post-8877","1":"product","2":"type-product","3":"status-publish","4":"has-post-thumbnail","6":"product_cat-bransoletki","7":"product_cat-chalcedon","8":"product_cat-pastel","9":"product_tag-ostatnia-sztuka","11":"first","12":"instock","13":"shipping-taxable","14":"purchasable","15":"product-type-simple"},"jetpack_sharing_enabled":true,"_links":{"self":[{"href":"https:\/\/woka-store.pl\/en\/wp-json\/wp\/v2\/product\/8877","targetHints":{"allow":["GET"]}}],"collection":[{"href":"https:\/\/woka-store.pl\/en\/wp-json\/wp\/v2\/product"}],"about":[{"href":"https:\/\/woka-store.pl\/en\/wp-json\/wp\/v2\/types\/product"}],"version-history":[{"count":2,"href":"https:\/\/woka-store.pl\/en\/wp-json\/wp\/v2\/product\/8877\/revisions"}],"predecessor-version":[{"id":8978,"href":"https:\/\/woka-store.pl\/en\/wp-json\/wp\/v2\/product\/8877\/revisions\/8978"}],"wp:featuredmedia":[{"embeddable":true,"href":"https:\/\/woka-store.pl\/en\/wp-json\/wp\/v2\/media\/8836"}],"wp:attachment":[{"href":"https:\/\/woka-store.pl\/en\/wp-json\/wp\/v2\/media?parent=8877"}],"wp:term":[{"taxonomy":"product_brand","embeddable":true,"href":"https:\/\/woka-store.pl\/en\/wp-json\/wp\/v2\/product_brand?post=8877"},{"taxonomy":"product_cat","embeddable":true,"href":"https:\/\/woka-store.pl\/en\/wp-json\/wp\/v2\/product_cat?post=8877"},{"taxonomy":"product_tag","embeddable":true,"href":"https:\/\/woka-store.pl\/en\/wp-json\/wp\/v2\/product_tag?post=8877"}],"curies":[{"name":"wp","href":"https:\/\/api.w.org\/{rel}","templated":true}]}}