{"id":8922,"date":"2026-01-09T11:58:00","date_gmt":"2026-01-09T10:58:00","guid":{"rendered":"https:\/\/woka-store.pl\/?post_type=product&#038;p=8922"},"modified":"2026-04-01T08:47:15","modified_gmt":"2026-04-01T07:47:15","slug":"naszyjnik-virela","status":"publish","type":"product","link":"https:\/\/woka-store.pl\/en\/product\/naszyjnik-virela\/","title":{"rendered":"Necklace VIRELA"},"content":{"rendered":"<p>\u2022 Length 36,5 cm + extension chain 8 cm<br \/>\n\u2022 Freshwater cultured pearls, surgical steel<br \/>\n\u2022 Handmade by WOKA<\/p>\n<p>! The appearance of the pearls may differ from the photo, as we use baroque pearls and each one is unique<\/p>\n<p>&nbsp;<\/p>\n<p data-start=\"101\" data-end=\"338\">VIRELA Necklace is a subtle combination of a classic pearl with modern steel accents in the form of delicate \u201cbubbles.\u201d The harmonious composition gives the jewelry a sense of lightness and freshness while maintaining timeless elegance.<\/p>\n<p data-start=\"340\" data-end=\"671\">Thanks to its minimalist form, the necklace pairs beautifully with other pieces \u2014 especially pearl chokers and fine chains \u2014 creating a cohesive, layered jewelry set.<\/p>\n<p>&nbsp;<\/p>\n<p>Do you need a different size?<br \/>\nContact us on Instagram <em><a href=\"https:\/\/www.instagram.com\/woka_jewellery\/\">woka_jewellery<\/a><\/em><\/p>","protected":false},"excerpt":{"rendered":"<p>\u2022 D\u0142ugo\u015b\u0107 36,5 cm + \u0142a\u0144cuszek przed\u0142u\u017ckowy 8 cm \u2022 Per\u0142y hodowlane s\u0142odkowodne, stal chirurgiczna \u2022 R\u0119cznie wykonane przez WOKA ! Wygl\u0105d pere\u0142 mo\u017ce r\u00f3\u017cni\u0107 si\u0119 od zdj\u0119cia, poniewa\u017c u\u017cywamy [&hellip;]<\/p>\n","protected":false},"featured_media":8928,"template":"","meta":[],"product_brand":[],"product_cat":[145,153,205],"product_tag":[],"class_list":{"0":"post-8922","1":"product","2":"type-product","3":"status-publish","4":"has-post-thumbnail","6":"product_cat-naszyjniki","7":"product_cat-perly","8":"product_cat-wszystkie-produkty","10":"first","11":"instock","12":"shipping-taxable","13":"purchasable","14":"product-type-simple"},"jetpack_sharing_enabled":true,"_links":{"self":[{"href":"https:\/\/woka-store.pl\/en\/wp-json\/wp\/v2\/product\/8922","targetHints":{"allow":["GET"]}}],"collection":[{"href":"https:\/\/woka-store.pl\/en\/wp-json\/wp\/v2\/product"}],"about":[{"href":"https:\/\/woka-store.pl\/en\/wp-json\/wp\/v2\/types\/product"}],"version-history":[{"count":4,"href":"https:\/\/woka-store.pl\/en\/wp-json\/wp\/v2\/product\/8922\/revisions"}],"predecessor-version":[{"id":9666,"href":"https:\/\/woka-store.pl\/en\/wp-json\/wp\/v2\/product\/8922\/revisions\/9666"}],"wp:featuredmedia":[{"embeddable":true,"href":"https:\/\/woka-store.pl\/en\/wp-json\/wp\/v2\/media\/8928"}],"wp:attachment":[{"href":"https:\/\/woka-store.pl\/en\/wp-json\/wp\/v2\/media?parent=8922"}],"wp:term":[{"taxonomy":"product_brand","embeddable":true,"href":"https:\/\/woka-store.pl\/en\/wp-json\/wp\/v2\/product_brand?post=8922"},{"taxonomy":"product_cat","embeddable":true,"href":"https:\/\/woka-store.pl\/en\/wp-json\/wp\/v2\/product_cat?post=8922"},{"taxonomy":"product_tag","embeddable":true,"href":"https:\/\/woka-store.pl\/en\/wp-json\/wp\/v2\/product_tag?post=8922"}],"curies":[{"name":"wp","href":"https:\/\/api.w.org\/{rel}","templated":true}]}}