{"id":8940,"date":"2026-01-09T12:41:22","date_gmt":"2026-01-09T11:41:22","guid":{"rendered":"https:\/\/woka-store.pl\/?post_type=product&#038;p=8940"},"modified":"2026-01-24T12:17:44","modified_gmt":"2026-01-24T11:17:44","slug":"bransoletka-virela","status":"publish","type":"product","link":"https:\/\/woka-store.pl\/en\/product\/bransoletka-virela\/","title":{"rendered":"Bracelet VIRELA"},"content":{"rendered":"<p>\u2022 Length 16\u201319 cm, magnetic clasp<br \/>\n\u2022 Freshwater cultured pearls, surgical steel<br \/>\n\u2022 Handmade by WOKA<\/p>\n<p>! Please carefully check your wrist size before purchasing \u2014 the bracelet is not adjustable due to the magnetic clasp<\/p>\n<p>! The appearance of the pearls may differ from the photo, as we use baroque pearls and each one is unique<\/p>\n<p>&nbsp;<\/p>\n<p data-start=\"97\" data-end=\"310\">The VIRELA bracelet is a subtle combination of classic pearls with modern steel accents in the form of delicate \u201cbubbles.\u201d Its light, harmonious design gives the jewelry a sense of freshness and timeless elegance.<\/p>\n<p data-start=\"312\" data-end=\"707\">Thanks to its minimalist design, the bracelet is perfect for everyday wear as well as a delicate complement to more elegant outfits. The magnetic clasp provides ease and comfort, allowing for quick and effortless fastening. The bracelet looks beautiful worn alone or paired with the VIRELA necklace, creating a cohesive and elegant jewelry set.<\/p>\n<p>&nbsp;<\/p>\n<p>Do you need a different size?<br \/>\nContact us on Instagram <em><a href=\"https:\/\/www.instagram.com\/woka_jewellery\/\">woka_jewellery<\/a><\/em><\/p>","protected":false},"excerpt":{"rendered":"<p>\u2022 D\u0142ugo\u015b\u0107 16-19 cm , magnetyczne zapi\u0119cie \u2022 Per\u0142y hodowlane s\u0142odkowodne, stal chirurgiczna \u2022 R\u0119cznie wykonane przez WOKA ! Prosimy o uwa\u017cne sprawdzenie obwodu nadgarstka przed zakupem \u2014 bransoletka nie [&hellip;]<\/p>\n","protected":false},"featured_media":8932,"template":"","meta":[],"product_brand":[],"product_cat":[146,153,205],"product_tag":[],"class_list":{"0":"post-8940","1":"product","2":"type-product","3":"status-publish","4":"has-post-thumbnail","6":"product_cat-bransoletki","7":"product_cat-perly","8":"product_cat-wszystkie-produkty","10":"first","11":"instock","12":"shipping-taxable","13":"purchasable","14":"product-type-variable"},"jetpack_sharing_enabled":true,"_links":{"self":[{"href":"https:\/\/woka-store.pl\/en\/wp-json\/wp\/v2\/product\/8940","targetHints":{"allow":["GET"]}}],"collection":[{"href":"https:\/\/woka-store.pl\/en\/wp-json\/wp\/v2\/product"}],"about":[{"href":"https:\/\/woka-store.pl\/en\/wp-json\/wp\/v2\/types\/product"}],"version-history":[{"count":3,"href":"https:\/\/woka-store.pl\/en\/wp-json\/wp\/v2\/product\/8940\/revisions"}],"predecessor-version":[{"id":9162,"href":"https:\/\/woka-store.pl\/en\/wp-json\/wp\/v2\/product\/8940\/revisions\/9162"}],"wp:featuredmedia":[{"embeddable":true,"href":"https:\/\/woka-store.pl\/en\/wp-json\/wp\/v2\/media\/8932"}],"wp:attachment":[{"href":"https:\/\/woka-store.pl\/en\/wp-json\/wp\/v2\/media?parent=8940"}],"wp:term":[{"taxonomy":"product_brand","embeddable":true,"href":"https:\/\/woka-store.pl\/en\/wp-json\/wp\/v2\/product_brand?post=8940"},{"taxonomy":"product_cat","embeddable":true,"href":"https:\/\/woka-store.pl\/en\/wp-json\/wp\/v2\/product_cat?post=8940"},{"taxonomy":"product_tag","embeddable":true,"href":"https:\/\/woka-store.pl\/en\/wp-json\/wp\/v2\/product_tag?post=8940"}],"curies":[{"name":"wp","href":"https:\/\/api.w.org\/{rel}","templated":true}]}}