{"id":9078,"date":"2026-01-20T15:01:41","date_gmt":"2026-01-20T14:01:41","guid":{"rendered":"https:\/\/woka-store.pl\/?post_type=product&#038;p=9078"},"modified":"2026-03-22T11:39:12","modified_gmt":"2026-03-22T10:39:12","slug":"naszyjnik-ivory","status":"publish","type":"product","link":"https:\/\/woka-store.pl\/en\/product\/naszyjnik-ivory\/","title":{"rendered":"Necklace IVORY"},"content":{"rendered":"<p>\u2022 Length 37 cm + extension chain 8 cm<br \/>\n\u2022 Freshwater cultured pearls, surgical steel<br \/>\n\u2022 Handmade by WOKA<\/p>\n<p>! The appearance of the pearls may differ from the photo, as we use baroque pearls and each one is unique<\/p>\n<p>&nbsp;<\/p>\n<p data-start=\"101\" data-end=\"338\">A necklace made of small pearls is a delicate and versatile everyday accent. The minimalist pearls sit beautifully on the neck and pair perfectly with other WOKA jewelry, allowing you to create harmonious, layered looks.<br data-start=\"253\" data-end=\"256\" \/>Subtle, elegant, and timeless \u2014 an ideal gift for yourself or a loved one.<\/p>\n<p>&nbsp;<\/p>\n<p>Do you need a different size?<br \/>\nContact us on Instagram <em><a href=\"https:\/\/www.instagram.com\/woka_jewellery\/\">woka_jewellery<\/a><\/em><\/p>","protected":false},"excerpt":{"rendered":"<p>\u2022 D\u0142ugo\u015b\u0107 37 cm + \u0142a\u0144cuszek przed\u0142u\u017ckowy 8 cm \u2022 Per\u0142y hodowlane s\u0142odkowodne, stal chirurgiczna \u2022 R\u0119cznie wykonane przez WOKA ! Wygl\u0105d pere\u0142 mo\u017ce r\u00f3\u017cni\u0107 si\u0119 od zdj\u0119cia, poniewa\u017c u\u017cywamy [&hellip;]<\/p>\n","protected":false},"featured_media":9084,"template":"","meta":[],"product_brand":[],"product_cat":[145,153,205],"product_tag":[],"class_list":{"0":"post-9078","1":"product","2":"type-product","3":"status-publish","4":"has-post-thumbnail","6":"product_cat-naszyjniki","7":"product_cat-perly","8":"product_cat-wszystkie-produkty","10":"first","11":"instock","12":"shipping-taxable","13":"purchasable","14":"product-type-simple"},"jetpack_sharing_enabled":true,"_links":{"self":[{"href":"https:\/\/woka-store.pl\/en\/wp-json\/wp\/v2\/product\/9078","targetHints":{"allow":["GET"]}}],"collection":[{"href":"https:\/\/woka-store.pl\/en\/wp-json\/wp\/v2\/product"}],"about":[{"href":"https:\/\/woka-store.pl\/en\/wp-json\/wp\/v2\/types\/product"}],"version-history":[{"count":2,"href":"https:\/\/woka-store.pl\/en\/wp-json\/wp\/v2\/product\/9078\/revisions"}],"predecessor-version":[{"id":9103,"href":"https:\/\/woka-store.pl\/en\/wp-json\/wp\/v2\/product\/9078\/revisions\/9103"}],"wp:featuredmedia":[{"embeddable":true,"href":"https:\/\/woka-store.pl\/en\/wp-json\/wp\/v2\/media\/9084"}],"wp:attachment":[{"href":"https:\/\/woka-store.pl\/en\/wp-json\/wp\/v2\/media?parent=9078"}],"wp:term":[{"taxonomy":"product_brand","embeddable":true,"href":"https:\/\/woka-store.pl\/en\/wp-json\/wp\/v2\/product_brand?post=9078"},{"taxonomy":"product_cat","embeddable":true,"href":"https:\/\/woka-store.pl\/en\/wp-json\/wp\/v2\/product_cat?post=9078"},{"taxonomy":"product_tag","embeddable":true,"href":"https:\/\/woka-store.pl\/en\/wp-json\/wp\/v2\/product_tag?post=9078"}],"curies":[{"name":"wp","href":"https:\/\/api.w.org\/{rel}","templated":true}]}}