{"id":9108,"date":"2026-01-20T16:22:21","date_gmt":"2026-01-20T15:22:21","guid":{"rendered":"https:\/\/woka-store.pl\/?post_type=product&#038;p=9108"},"modified":"2026-04-26T12:03:52","modified_gmt":"2026-04-26T11:03:52","slug":"naszyjnik-ivory-2","status":"publish","type":"product","link":"https:\/\/woka-store.pl\/en\/product\/naszyjnik-ivory-2\/","title":{"rendered":"Necklace IVORY"},"content":{"rendered":"<p>\u2022 Length: 39 cm + pendant 9 cm + 8 cm extension chain<br \/>\n\u2022 Freshwater cultured pearls, hematite, surgical steel<br \/>\n\u2022 Handmade by WOKA<\/p>\n<p>! The appearance of the pearls may differ from the photo, as we use baroque pearls and each one is unique<\/p>\n<p>&nbsp;<\/p>\n<p data-start=\"101\" data-end=\"338\">A necklace made of large pearls with metallic oval elements is a bold and stylish accent that draws attention. The contrast between natural pearls and the cool shine of metal creates a modern, well-balanced look.<br \/>\n<br data-start=\"229\" data-end=\"232\" \/>The necklace pairs beautifully with the second piece from the same series, allowing you to create a cohesive and harmonious set \u2014 striking yet refined.<\/p>\n<p>&nbsp;<\/p>\n<p>Do you need a different size?<br \/>\nContact us on Instagram <em><a href=\"https:\/\/www.instagram.com\/woka_jewellery\/\">woka_jewellery<\/a><\/em><\/p>","protected":false},"excerpt":{"rendered":"<p>\u2022 D\u0142ugo\u015b\u0107 39 cm + zawieszka 9 cm + \u0142a\u0144cuszek przed\u0142u\u017cka 8 cm \u2022 Per\u0142y hodowlane s\u0142odkowodne, hematyt, stal chirurgiczna \u2022 R\u0119cznie wykonane przez WOKA ! Wygl\u0105d pere\u0142 mo\u017ce r\u00f3\u017cni\u0107 [&hellip;]<\/p>\n","protected":false},"featured_media":9083,"template":"","meta":[],"product_brand":[],"product_cat":[145,153,155,205],"product_tag":[],"class_list":{"0":"post-9108","1":"product","2":"type-product","3":"status-publish","4":"has-post-thumbnail","6":"product_cat-naszyjniki","7":"product_cat-perly","8":"product_cat-stal-chirurgiczna","9":"product_cat-wszystkie-produkty","11":"first","12":"instock","13":"shipping-taxable","14":"purchasable","15":"product-type-simple"},"jetpack_sharing_enabled":true,"_links":{"self":[{"href":"https:\/\/woka-store.pl\/en\/wp-json\/wp\/v2\/product\/9108","targetHints":{"allow":["GET"]}}],"collection":[{"href":"https:\/\/woka-store.pl\/en\/wp-json\/wp\/v2\/product"}],"about":[{"href":"https:\/\/woka-store.pl\/en\/wp-json\/wp\/v2\/types\/product"}],"version-history":[{"count":3,"href":"https:\/\/woka-store.pl\/en\/wp-json\/wp\/v2\/product\/9108\/revisions"}],"predecessor-version":[{"id":9111,"href":"https:\/\/woka-store.pl\/en\/wp-json\/wp\/v2\/product\/9108\/revisions\/9111"}],"wp:featuredmedia":[{"embeddable":true,"href":"https:\/\/woka-store.pl\/en\/wp-json\/wp\/v2\/media\/9083"}],"wp:attachment":[{"href":"https:\/\/woka-store.pl\/en\/wp-json\/wp\/v2\/media?parent=9108"}],"wp:term":[{"taxonomy":"product_brand","embeddable":true,"href":"https:\/\/woka-store.pl\/en\/wp-json\/wp\/v2\/product_brand?post=9108"},{"taxonomy":"product_cat","embeddable":true,"href":"https:\/\/woka-store.pl\/en\/wp-json\/wp\/v2\/product_cat?post=9108"},{"taxonomy":"product_tag","embeddable":true,"href":"https:\/\/woka-store.pl\/en\/wp-json\/wp\/v2\/product_tag?post=9108"}],"curies":[{"name":"wp","href":"https:\/\/api.w.org\/{rel}","templated":true}]}}