{"id":9201,"date":"2026-02-03T17:48:09","date_gmt":"2026-02-03T16:48:09","guid":{"rendered":"https:\/\/woka-store.pl\/?post_type=product&#038;p=9201"},"modified":"2026-04-12T18:54:54","modified_gmt":"2026-04-12T17:54:54","slug":"naszyjnik-saturn","status":"publish","type":"product","link":"https:\/\/woka-store.pl\/en\/product\/naszyjnik-saturn\/","title":{"rendered":"Necklace SATURN"},"content":{"rendered":"<p>\u2022 Length 38 cm + extension chain 8 cm<br \/>\n\u2022 Hematite, surgical steel<br \/>\n\u2022 Handmade by WOKA<\/p>\n<p>&nbsp;<\/p>\n<p>The Saturn Necklace is jewelry inspired by one of the most hypnotic planets in the Solar System. Steel rings are arranged like orbital rings, surrounding graphite hematite and steel spheres that add depth and a cosmic character to the composition. The cool shine of the steel contrasts with the graphite tone of the stone, creating a modern and striking design.<\/p>\n<p>&nbsp;<\/p>\n<p>Do you need a different size?<br \/>\nContact us on Instagram <em><a href=\"https:\/\/www.instagram.com\/woka_jewellery\/\">woka_jewellery<\/a><\/em><\/p>","protected":false},"excerpt":{"rendered":"<p>\u2022 D\u0142ugo\u015b\u0107 38 cm + \u0142a\u0144cuszek przed\u0142u\u017ckowy 8 cm \u2022 Hematyt, stal chirurgiczna \u2022 R\u0119cznie wykonane przez WOKA &nbsp; Naszyjnik Saturn\u00a0to bi\u017cuteria inspirowana jedn\u0105 z najbardziej hipnotyzuj\u0105cych planet Uk\u0142adu S\u0142onecznego. [&hellip;]<\/p>\n","protected":false},"featured_media":9204,"template":"","meta":[],"product_brand":[],"product_cat":[156,145,206,205],"product_tag":[],"class_list":{"0":"post-9201","1":"product","2":"type-product","3":"status-publish","4":"has-post-thumbnail","6":"product_cat-hematyt","7":"product_cat-naszyjniki","8":"product_cat-nocne-niebo","9":"product_cat-wszystkie-produkty","11":"first","12":"instock","13":"shipping-taxable","14":"purchasable","15":"product-type-simple"},"jetpack_sharing_enabled":true,"_links":{"self":[{"href":"https:\/\/woka-store.pl\/en\/wp-json\/wp\/v2\/product\/9201","targetHints":{"allow":["GET"]}}],"collection":[{"href":"https:\/\/woka-store.pl\/en\/wp-json\/wp\/v2\/product"}],"about":[{"href":"https:\/\/woka-store.pl\/en\/wp-json\/wp\/v2\/types\/product"}],"version-history":[{"count":2,"href":"https:\/\/woka-store.pl\/en\/wp-json\/wp\/v2\/product\/9201\/revisions"}],"predecessor-version":[{"id":9438,"href":"https:\/\/woka-store.pl\/en\/wp-json\/wp\/v2\/product\/9201\/revisions\/9438"}],"wp:featuredmedia":[{"embeddable":true,"href":"https:\/\/woka-store.pl\/en\/wp-json\/wp\/v2\/media\/9204"}],"wp:attachment":[{"href":"https:\/\/woka-store.pl\/en\/wp-json\/wp\/v2\/media?parent=9201"}],"wp:term":[{"taxonomy":"product_brand","embeddable":true,"href":"https:\/\/woka-store.pl\/en\/wp-json\/wp\/v2\/product_brand?post=9201"},{"taxonomy":"product_cat","embeddable":true,"href":"https:\/\/woka-store.pl\/en\/wp-json\/wp\/v2\/product_cat?post=9201"},{"taxonomy":"product_tag","embeddable":true,"href":"https:\/\/woka-store.pl\/en\/wp-json\/wp\/v2\/product_tag?post=9201"}],"curies":[{"name":"wp","href":"https:\/\/api.w.org\/{rel}","templated":true}]}}