{"id":9249,"date":"2026-02-04T15:26:53","date_gmt":"2026-02-04T14:26:53","guid":{"rendered":"https:\/\/woka-store.pl\/?post_type=product&#038;p=9249"},"modified":"2026-03-17T15:57:29","modified_gmt":"2026-03-17T14:57:29","slug":"naszyjnik-cassiopeia","status":"publish","type":"product","link":"https:\/\/woka-store.pl\/en\/product\/naszyjnik-cassiopeia\/","title":{"rendered":"Necklace CASSIOPEIA"},"content":{"rendered":"<p>\u2022 Length 38 cm + extension chain 8 cm<br \/>\n\u2022 Hematite, surgical steel<br \/>\n\u2022 Handmade by WOKA<\/p>\n<p>&nbsp;<\/p>\n<p>The Cassiopeia Necklace features graphite hematite adorned with five stars, echoing the iconic pattern of the Cassiopeia constellation. The dark, smooth hematite contrasts beautifully with the shimmering stars, creating a cosmic-inspired piece that combines elegance with a touch of celestial magic. Perfect for those who love the night sky and unique, modern jewelry.<\/p>\n<p>&nbsp;<\/p>\n<p>Do you need a different size?<br \/>\nContact us on Instagram <em><a href=\"https:\/\/www.instagram.com\/woka_jewellery\/\">woka_jewellery<\/a><\/em><\/p>","protected":false},"excerpt":{"rendered":"<p>\u2022 D\u0142ugo\u015b\u0107 38 cm + \u0142a\u0144cuszek przed\u0142u\u017ckowy 8 cm \u2022 Hematyt, stal chirurgiczna \u2022 R\u0119cznie wykonane przez WOKA &nbsp; Naszyjnik Cassiopeia wykonany jest z grafitowego hematytu, ozdobionego pi\u0119cioma gwiazdkami, nawi\u0105zuj\u0105cymi [&hellip;]<\/p>\n","protected":false},"featured_media":9224,"template":"","meta":[],"product_brand":[],"product_cat":[156,145,206,205],"product_tag":[],"class_list":{"0":"post-9249","1":"product","2":"type-product","3":"status-publish","4":"has-post-thumbnail","6":"product_cat-hematyt","7":"product_cat-naszyjniki","8":"product_cat-nocne-niebo","9":"product_cat-wszystkie-produkty","11":"first","12":"instock","13":"shipping-taxable","14":"purchasable","15":"product-type-simple"},"jetpack_sharing_enabled":true,"_links":{"self":[{"href":"https:\/\/woka-store.pl\/en\/wp-json\/wp\/v2\/product\/9249","targetHints":{"allow":["GET"]}}],"collection":[{"href":"https:\/\/woka-store.pl\/en\/wp-json\/wp\/v2\/product"}],"about":[{"href":"https:\/\/woka-store.pl\/en\/wp-json\/wp\/v2\/types\/product"}],"version-history":[{"count":1,"href":"https:\/\/woka-store.pl\/en\/wp-json\/wp\/v2\/product\/9249\/revisions"}],"predecessor-version":[{"id":9250,"href":"https:\/\/woka-store.pl\/en\/wp-json\/wp\/v2\/product\/9249\/revisions\/9250"}],"wp:featuredmedia":[{"embeddable":true,"href":"https:\/\/woka-store.pl\/en\/wp-json\/wp\/v2\/media\/9224"}],"wp:attachment":[{"href":"https:\/\/woka-store.pl\/en\/wp-json\/wp\/v2\/media?parent=9249"}],"wp:term":[{"taxonomy":"product_brand","embeddable":true,"href":"https:\/\/woka-store.pl\/en\/wp-json\/wp\/v2\/product_brand?post=9249"},{"taxonomy":"product_cat","embeddable":true,"href":"https:\/\/woka-store.pl\/en\/wp-json\/wp\/v2\/product_cat?post=9249"},{"taxonomy":"product_tag","embeddable":true,"href":"https:\/\/woka-store.pl\/en\/wp-json\/wp\/v2\/product_tag?post=9249"}],"curies":[{"name":"wp","href":"https:\/\/api.w.org\/{rel}","templated":true}]}}