{"id":9252,"date":"2026-02-04T15:27:29","date_gmt":"2026-02-04T14:27:29","guid":{"rendered":"https:\/\/woka-store.pl\/?post_type=product&#038;p=9252"},"modified":"2026-03-17T15:57:28","modified_gmt":"2026-03-17T14:57:28","slug":"naszyjnik-moon-5","status":"publish","type":"product","link":"https:\/\/woka-store.pl\/en\/product\/naszyjnik-moon-5\/","title":{"rendered":"Necklace MOON"},"content":{"rendered":"<p>\u2022 Length 37 cm + extension chain 8 cm<br \/>\n\u2022 Hematite, surgical steel<br \/>\n\u2022 Handmade by WOKA<\/p>\n<p>&nbsp;<\/p>\n<p>The necklace features two pendants depicting the moon in two captivating phases: the crescent and the full moon. The charms capture the delicate beauty of moonlight, creating harmonious, cosmos-inspired jewelry. Perfect for lovers of the night sky and subtle, modern accessories.<\/p>\n<p>&nbsp;<\/p>\n<p>Do you need a different size?<br \/>\nContact us on Instagram <em><a href=\"https:\/\/www.instagram.com\/woka_jewellery\/\">woka_jewellery<\/a><\/em><\/p>","protected":false},"excerpt":{"rendered":"<p>\u2022 D\u0142ugo\u015b\u0107 37 cm + \u0142a\u0144cuszek przed\u0142u\u017ckowy 8 cm \u2022 Hematyt, stal chirurgiczna \u2022 R\u0119cznie wykonane przez WOKA &nbsp; Naszyjnik posiada dwie zawieszki przedstawiaj\u0105ce ksi\u0119\u017cyc w dw\u00f3ch urzekaj\u0105cych fazach: p\u00f3\u0142ksi\u0119\u017cyc [&hellip;]<\/p>\n","protected":false},"featured_media":9220,"template":"","meta":[],"product_brand":[],"product_cat":[156,145,206,205],"product_tag":[],"class_list":{"0":"post-9252","1":"product","2":"type-product","3":"status-publish","4":"has-post-thumbnail","6":"product_cat-hematyt","7":"product_cat-naszyjniki","8":"product_cat-nocne-niebo","9":"product_cat-wszystkie-produkty","11":"first","12":"instock","13":"shipping-taxable","14":"purchasable","15":"product-type-simple"},"jetpack_sharing_enabled":true,"_links":{"self":[{"href":"https:\/\/woka-store.pl\/en\/wp-json\/wp\/v2\/product\/9252","targetHints":{"allow":["GET"]}}],"collection":[{"href":"https:\/\/woka-store.pl\/en\/wp-json\/wp\/v2\/product"}],"about":[{"href":"https:\/\/woka-store.pl\/en\/wp-json\/wp\/v2\/types\/product"}],"version-history":[{"count":3,"href":"https:\/\/woka-store.pl\/en\/wp-json\/wp\/v2\/product\/9252\/revisions"}],"predecessor-version":[{"id":9431,"href":"https:\/\/woka-store.pl\/en\/wp-json\/wp\/v2\/product\/9252\/revisions\/9431"}],"wp:featuredmedia":[{"embeddable":true,"href":"https:\/\/woka-store.pl\/en\/wp-json\/wp\/v2\/media\/9220"}],"wp:attachment":[{"href":"https:\/\/woka-store.pl\/en\/wp-json\/wp\/v2\/media?parent=9252"}],"wp:term":[{"taxonomy":"product_brand","embeddable":true,"href":"https:\/\/woka-store.pl\/en\/wp-json\/wp\/v2\/product_brand?post=9252"},{"taxonomy":"product_cat","embeddable":true,"href":"https:\/\/woka-store.pl\/en\/wp-json\/wp\/v2\/product_cat?post=9252"},{"taxonomy":"product_tag","embeddable":true,"href":"https:\/\/woka-store.pl\/en\/wp-json\/wp\/v2\/product_tag?post=9252"}],"curies":[{"name":"wp","href":"https:\/\/api.w.org\/{rel}","templated":true}]}}