{"id":9257,"date":"2026-02-04T15:27:15","date_gmt":"2026-02-04T14:27:15","guid":{"rendered":"https:\/\/woka-store.pl\/?post_type=product&#038;p=9257"},"modified":"2026-02-04T15:27:16","modified_gmt":"2026-02-04T14:27:16","slug":"naszyjnik-night-sky","status":"publish","type":"product","link":"https:\/\/woka-store.pl\/en\/product\/naszyjnik-night-sky\/","title":{"rendered":"Necklace NIGHT SKY"},"content":{"rendered":"<p>\u2022 Length: 42 cm + 8 cm extension chain<br \/>\n\u2022 Hematite, surgical steel<br \/>\n\u2022 Handmade by WOKA<\/p>\n<p>&nbsp;<\/p>\n<p>The celestial charm necklace features a collection of pendants inspired by the elements of the starry sky. Each charm evokes the magic of the cosmos, making it a versatile piece that pairs beautifully with other items from this collection. Perfect for layering or wearing alone as a statement of celestial elegance.<\/p>\n<p>&nbsp;<\/p>\n<p>Do you need a different size?<br \/>\nContact us on Instagram <em><a href=\"https:\/\/www.instagram.com\/woka_jewellery\/\">woka_jewellery<\/a><\/em><\/p>","protected":false},"excerpt":{"rendered":"<p>\u2022 D\u0142ugo\u015b\u0107 42 cm + \u0142a\u0144cuszek przed\u0142u\u017ckowy 8 cm \u2022 Hematyt, stal chirurgiczna \u2022 R\u0119cznie wykonane przez WOKA &nbsp; Naszyjnik z zawieszkami sk\u0142ada si\u0119 z r\u00f3\u017cnych charms\u00f3w inspirowanych elementami gwiazdnego [&hellip;]<\/p>\n","protected":false},"featured_media":9228,"template":"","meta":[],"product_brand":[],"product_cat":[145,206,155,205],"product_tag":[],"class_list":{"0":"post-9257","1":"product","2":"type-product","3":"status-publish","4":"has-post-thumbnail","6":"product_cat-naszyjniki","7":"product_cat-nocne-niebo","8":"product_cat-stal-chirurgiczna","9":"product_cat-wszystkie-produkty","11":"first","12":"instock","13":"shipping-taxable","14":"purchasable","15":"product-type-variable"},"jetpack_sharing_enabled":true,"_links":{"self":[{"href":"https:\/\/woka-store.pl\/en\/wp-json\/wp\/v2\/product\/9257","targetHints":{"allow":["GET"]}}],"collection":[{"href":"https:\/\/woka-store.pl\/en\/wp-json\/wp\/v2\/product"}],"about":[{"href":"https:\/\/woka-store.pl\/en\/wp-json\/wp\/v2\/types\/product"}],"version-history":[{"count":1,"href":"https:\/\/woka-store.pl\/en\/wp-json\/wp\/v2\/product\/9257\/revisions"}],"predecessor-version":[{"id":9262,"href":"https:\/\/woka-store.pl\/en\/wp-json\/wp\/v2\/product\/9257\/revisions\/9262"}],"wp:featuredmedia":[{"embeddable":true,"href":"https:\/\/woka-store.pl\/en\/wp-json\/wp\/v2\/media\/9228"}],"wp:attachment":[{"href":"https:\/\/woka-store.pl\/en\/wp-json\/wp\/v2\/media?parent=9257"}],"wp:term":[{"taxonomy":"product_brand","embeddable":true,"href":"https:\/\/woka-store.pl\/en\/wp-json\/wp\/v2\/product_brand?post=9257"},{"taxonomy":"product_cat","embeddable":true,"href":"https:\/\/woka-store.pl\/en\/wp-json\/wp\/v2\/product_cat?post=9257"},{"taxonomy":"product_tag","embeddable":true,"href":"https:\/\/woka-store.pl\/en\/wp-json\/wp\/v2\/product_tag?post=9257"}],"curies":[{"name":"wp","href":"https:\/\/api.w.org\/{rel}","templated":true}]}}