{"id":9276,"date":"2026-02-02T21:27:54","date_gmt":"2026-02-02T20:27:54","guid":{"rendered":"https:\/\/woka-store.pl\/?post_type=product&#038;p=9276"},"modified":"2026-03-26T11:23:55","modified_gmt":"2026-03-26T10:23:55","slug":"bransoletka-base","status":"publish","type":"product","link":"https:\/\/woka-store.pl\/en\/product\/bransoletka-base\/","title":{"rendered":"Bracelet BASE"},"content":{"rendered":"<p>\u2022 Length: 15\u201319 cm, gently adapts to the wrist size thanks to the ability to be lightly bent and adjusted.<br \/>\n\u2022 Surgical steel<br \/>\n\u2022 Design created in collaboration with an external studio<\/p>\n<p>&nbsp;<\/p>\n<p data-start=\"97\" data-end=\"310\">A universal bracelet of a simple form, made of steel.<br data-start=\"1068\" data-end=\"1071\" \/>The open design without a clasp allows for gentle adjustment to fit the wrist.<br data-start=\"1160\" data-end=\"1163\" \/>The minimalist design makes the bracelet easy to combine with other WOKA jewelry and suitable for everyday wear.<\/p>\n<p>&nbsp;<\/p>\n<p>Do you need a different size?<br \/>\nContact us on Instagram <em><a href=\"https:\/\/www.instagram.com\/woka_jewellery\/\">woka_jewellery<\/a><\/em><\/p>","protected":false},"excerpt":{"rendered":"<p>\u2022 D\u0142ugo\u015b\u0107 15-19 cm , delikatnie dopasowuje si\u0119 do rozmiaru nadgarstka dzi\u0119ki lekkiej mo\u017cliwo\u015bci zginania i rozginania \u2022 Stal chirurgiczna \u2022 Projekt wykonany we wsp\u00f3\u0142pracy z zewn\u0119trzn\u0105 pracowni\u0105 &nbsp; Uniwersalna [&hellip;]<\/p>\n","protected":false},"featured_media":9280,"template":"","meta":[],"product_brand":[],"product_cat":[146,206,155,205],"product_tag":[],"class_list":{"0":"post-9276","1":"product","2":"type-product","3":"status-publish","4":"has-post-thumbnail","6":"product_cat-bransoletki","7":"product_cat-nocne-niebo","8":"product_cat-stal-chirurgiczna","9":"product_cat-wszystkie-produkty","11":"first","12":"instock","13":"shipping-taxable","14":"purchasable","15":"product-type-simple"},"jetpack_sharing_enabled":true,"_links":{"self":[{"href":"https:\/\/woka-store.pl\/en\/wp-json\/wp\/v2\/product\/9276","targetHints":{"allow":["GET"]}}],"collection":[{"href":"https:\/\/woka-store.pl\/en\/wp-json\/wp\/v2\/product"}],"about":[{"href":"https:\/\/woka-store.pl\/en\/wp-json\/wp\/v2\/types\/product"}],"version-history":[{"count":2,"href":"https:\/\/woka-store.pl\/en\/wp-json\/wp\/v2\/product\/9276\/revisions"}],"predecessor-version":[{"id":9299,"href":"https:\/\/woka-store.pl\/en\/wp-json\/wp\/v2\/product\/9276\/revisions\/9299"}],"wp:featuredmedia":[{"embeddable":true,"href":"https:\/\/woka-store.pl\/en\/wp-json\/wp\/v2\/media\/9280"}],"wp:attachment":[{"href":"https:\/\/woka-store.pl\/en\/wp-json\/wp\/v2\/media?parent=9276"}],"wp:term":[{"taxonomy":"product_brand","embeddable":true,"href":"https:\/\/woka-store.pl\/en\/wp-json\/wp\/v2\/product_brand?post=9276"},{"taxonomy":"product_cat","embeddable":true,"href":"https:\/\/woka-store.pl\/en\/wp-json\/wp\/v2\/product_cat?post=9276"},{"taxonomy":"product_tag","embeddable":true,"href":"https:\/\/woka-store.pl\/en\/wp-json\/wp\/v2\/product_tag?post=9276"}],"curies":[{"name":"wp","href":"https:\/\/api.w.org\/{rel}","templated":true}]}}