{"id":9315,"date":"2026-02-05T11:33:16","date_gmt":"2026-02-05T10:33:16","guid":{"rendered":"https:\/\/woka-store.pl\/?post_type=product&#038;p=9315"},"modified":"2026-03-25T13:46:34","modified_gmt":"2026-03-25T12:46:34","slug":"kolczyki-basic","status":"publish","type":"product","link":"https:\/\/woka-store.pl\/en\/product\/kolczyki-basic\/","title":{"rendered":"Earrings BASIC"},"content":{"rendered":"<p>\u2022 Length: 3 cm<br \/>\n\u2022 Surgical steel<br \/>\n\u2022 Weight (single earring): 10 g<br \/>\n\u2022 Earrings are sold as a pair (2 pieces)<br \/>\n\u2022 Design created in collaboration with an external studio<\/p>\n<p>&nbsp;<\/p>\n<p>Minimalist stainless steel earrings with a smooth, rounded shape and mirror-polished finish, featuring a basic style that pairs easily with other WOKA jewelry.<\/p>\n<p>&nbsp;<\/p>\n<p>Do you have questions?<br \/>\nContact us on Instagram <em><a href=\"https:\/\/www.instagram.com\/woka_jewellery\/\">woka_jewellery<\/a><\/em><\/p>","protected":false},"excerpt":{"rendered":"<p>\u2022 D\u0142ugo\u015b\u0107 3 cm \u2022 Stal chirurgiczna \u2022 Masa (pojedynczy element): 10 g \u2022 Kolczyki sprzedawane s\u0105 w parze (2 sztuki) \u2022 Projekt wykonany we wsp\u00f3\u0142pracy z zewn\u0119trzn\u0105 pracowni\u0105 &nbsp; [&hellip;]<\/p>\n","protected":false},"featured_media":9325,"template":"","meta":[],"product_brand":[],"product_cat":[201,155,205],"product_tag":[],"class_list":{"0":"post-9315","1":"product","2":"type-product","3":"status-publish","4":"has-post-thumbnail","6":"product_cat-kolczyki","7":"product_cat-stal-chirurgiczna","8":"product_cat-wszystkie-produkty","10":"first","11":"instock","12":"shipping-taxable","13":"purchasable","14":"product-type-simple"},"jetpack_sharing_enabled":true,"_links":{"self":[{"href":"https:\/\/woka-store.pl\/en\/wp-json\/wp\/v2\/product\/9315","targetHints":{"allow":["GET"]}}],"collection":[{"href":"https:\/\/woka-store.pl\/en\/wp-json\/wp\/v2\/product"}],"about":[{"href":"https:\/\/woka-store.pl\/en\/wp-json\/wp\/v2\/types\/product"}],"version-history":[{"count":2,"href":"https:\/\/woka-store.pl\/en\/wp-json\/wp\/v2\/product\/9315\/revisions"}],"predecessor-version":[{"id":9345,"href":"https:\/\/woka-store.pl\/en\/wp-json\/wp\/v2\/product\/9315\/revisions\/9345"}],"wp:featuredmedia":[{"embeddable":true,"href":"https:\/\/woka-store.pl\/en\/wp-json\/wp\/v2\/media\/9325"}],"wp:attachment":[{"href":"https:\/\/woka-store.pl\/en\/wp-json\/wp\/v2\/media?parent=9315"}],"wp:term":[{"taxonomy":"product_brand","embeddable":true,"href":"https:\/\/woka-store.pl\/en\/wp-json\/wp\/v2\/product_brand?post=9315"},{"taxonomy":"product_cat","embeddable":true,"href":"https:\/\/woka-store.pl\/en\/wp-json\/wp\/v2\/product_cat?post=9315"},{"taxonomy":"product_tag","embeddable":true,"href":"https:\/\/woka-store.pl\/en\/wp-json\/wp\/v2\/product_tag?post=9315"}],"curies":[{"name":"wp","href":"https:\/\/api.w.org\/{rel}","templated":true}]}}