{"id":9409,"date":"2026-02-11T15:55:25","date_gmt":"2026-02-11T14:55:25","guid":{"rendered":"https:\/\/woka-store.pl\/?post_type=product&#038;p=9409"},"modified":"2026-02-11T16:14:12","modified_gmt":"2026-02-11T15:14:12","slug":"kolczyki-wave","status":"publish","type":"product","link":"https:\/\/woka-store.pl\/en\/product\/kolczyki-wave\/","title":{"rendered":"Earrings WAVE"},"content":{"rendered":"<p>\u2022 Length 4,5 cm<br \/>\n\u2022 Surgical steel<br \/>\n\u2022 Weight (single piece): 12 g<br \/>\n\u2022 Earrings are sold as a pair (2 pieces)<br \/>\n\u2022 Design created in collaboration with an external studio<\/p>\n<p>&nbsp;<\/p>\n<p data-start=\"35\" data-end=\"207\">Wave earrings stand out with their unique texture that subtly shimmers in the light, giving them a modern and artistic character.<\/p>\n<p>&nbsp;<\/p>\n<p>Do you have questions?<br \/>\nContact us on Instagram <em><a href=\"https:\/\/www.instagram.com\/woka_jewellery\/\">woka_jewellery<\/a><\/em><\/p>","protected":false},"excerpt":{"rendered":"<p>\u2022 D\u0142ugo\u015b\u0107 4,5 cm \u2022 Stal chirurgiczna \u2022 Masa (pojedynczy element): 12 g \u2022 Kolczyki sprzedawane s\u0105 w parze (2 sztuki) \u2022 Projekt wykonany we wsp\u00f3\u0142pracy z zewn\u0119trzn\u0105 pracowni\u0105 &nbsp; [&hellip;]<\/p>\n","protected":false},"featured_media":9400,"template":"","meta":[],"product_brand":[],"product_cat":[201,155,205],"product_tag":[],"class_list":{"0":"post-9409","1":"product","2":"type-product","3":"status-publish","4":"has-post-thumbnail","6":"product_cat-kolczyki","7":"product_cat-stal-chirurgiczna","8":"product_cat-wszystkie-produkty","10":"first","11":"instock","12":"shipping-taxable","13":"purchasable","14":"product-type-simple"},"jetpack_sharing_enabled":true,"_links":{"self":[{"href":"https:\/\/woka-store.pl\/en\/wp-json\/wp\/v2\/product\/9409","targetHints":{"allow":["GET"]}}],"collection":[{"href":"https:\/\/woka-store.pl\/en\/wp-json\/wp\/v2\/product"}],"about":[{"href":"https:\/\/woka-store.pl\/en\/wp-json\/wp\/v2\/types\/product"}],"version-history":[{"count":1,"href":"https:\/\/woka-store.pl\/en\/wp-json\/wp\/v2\/product\/9409\/revisions"}],"predecessor-version":[{"id":9410,"href":"https:\/\/woka-store.pl\/en\/wp-json\/wp\/v2\/product\/9409\/revisions\/9410"}],"wp:featuredmedia":[{"embeddable":true,"href":"https:\/\/woka-store.pl\/en\/wp-json\/wp\/v2\/media\/9400"}],"wp:attachment":[{"href":"https:\/\/woka-store.pl\/en\/wp-json\/wp\/v2\/media?parent=9409"}],"wp:term":[{"taxonomy":"product_brand","embeddable":true,"href":"https:\/\/woka-store.pl\/en\/wp-json\/wp\/v2\/product_brand?post=9409"},{"taxonomy":"product_cat","embeddable":true,"href":"https:\/\/woka-store.pl\/en\/wp-json\/wp\/v2\/product_cat?post=9409"},{"taxonomy":"product_tag","embeddable":true,"href":"https:\/\/woka-store.pl\/en\/wp-json\/wp\/v2\/product_tag?post=9409"}],"curies":[{"name":"wp","href":"https:\/\/api.w.org\/{rel}","templated":true}]}}