{"id":9411,"date":"2026-02-11T16:03:14","date_gmt":"2026-02-11T15:03:14","guid":{"rendered":"https:\/\/woka-store.pl\/?post_type=product&#038;p=9411"},"modified":"2026-04-10T21:57:54","modified_gmt":"2026-04-10T20:57:54","slug":"kolczyki-star","status":"publish","type":"product","link":"https:\/\/woka-store.pl\/en\/product\/kolczyki-star\/","title":{"rendered":"Earrings STAR"},"content":{"rendered":"<p>\u2022 Length 4 cm<br \/>\n\u2022 Surgical steel<br \/>\n\u2022 Weight (single piece): 7 g<br \/>\n\u2022 Earrings are sold as a pair (2 pieces)<br \/>\n\u2022 Design created in collaboration with an external studio<\/p>\n<p>&nbsp;<\/p>\n<p data-start=\"35\" data-end=\"207\">Star earrings are made of stainless steel in a minimalist star shape \u2014 a symbol of light, dreams, and individuality. The smooth surface beautifully reflects light, adding a subtle sparkle. Lightweight, comfortable, and durable, they make a versatile accessory for everyday style.<\/p>\n<p>&nbsp;<\/p>\n<p>Do you have questions?<br \/>\nContact us on Instagram <em><a href=\"https:\/\/www.instagram.com\/woka_jewellery\/\">woka_jewellery<\/a><\/em><\/p>","protected":false},"excerpt":{"rendered":"<p>\u2022 D\u0142ugo\u015b\u0107 4 cm \u2022 Stal chirurgiczna \u2022 Masa (pojedynczy element): 7 g \u2022 Kolczyki sprzedawane s\u0105 w parze (2 sztuki) \u2022 Projekt wykonany we wsp\u00f3\u0142pracy z zewn\u0119trzn\u0105 pracowni\u0105 &nbsp; [&hellip;]<\/p>\n","protected":false},"featured_media":9402,"template":"","meta":[],"product_brand":[],"product_cat":[201,206,155,205],"product_tag":[],"class_list":{"0":"post-9411","1":"product","2":"type-product","3":"status-publish","4":"has-post-thumbnail","6":"product_cat-kolczyki","7":"product_cat-nocne-niebo","8":"product_cat-stal-chirurgiczna","9":"product_cat-wszystkie-produkty","11":"first","12":"instock","13":"shipping-taxable","14":"purchasable","15":"product-type-simple"},"jetpack_sharing_enabled":true,"_links":{"self":[{"href":"https:\/\/woka-store.pl\/en\/wp-json\/wp\/v2\/product\/9411","targetHints":{"allow":["GET"]}}],"collection":[{"href":"https:\/\/woka-store.pl\/en\/wp-json\/wp\/v2\/product"}],"about":[{"href":"https:\/\/woka-store.pl\/en\/wp-json\/wp\/v2\/types\/product"}],"version-history":[{"count":1,"href":"https:\/\/woka-store.pl\/en\/wp-json\/wp\/v2\/product\/9411\/revisions"}],"predecessor-version":[{"id":9412,"href":"https:\/\/woka-store.pl\/en\/wp-json\/wp\/v2\/product\/9411\/revisions\/9412"}],"wp:featuredmedia":[{"embeddable":true,"href":"https:\/\/woka-store.pl\/en\/wp-json\/wp\/v2\/media\/9402"}],"wp:attachment":[{"href":"https:\/\/woka-store.pl\/en\/wp-json\/wp\/v2\/media?parent=9411"}],"wp:term":[{"taxonomy":"product_brand","embeddable":true,"href":"https:\/\/woka-store.pl\/en\/wp-json\/wp\/v2\/product_brand?post=9411"},{"taxonomy":"product_cat","embeddable":true,"href":"https:\/\/woka-store.pl\/en\/wp-json\/wp\/v2\/product_cat?post=9411"},{"taxonomy":"product_tag","embeddable":true,"href":"https:\/\/woka-store.pl\/en\/wp-json\/wp\/v2\/product_tag?post=9411"}],"curies":[{"name":"wp","href":"https:\/\/api.w.org\/{rel}","templated":true}]}}