{"id":9561,"date":"2026-03-26T11:48:44","date_gmt":"2026-03-26T10:48:44","guid":{"rendered":"https:\/\/woka-store.pl\/?post_type=product&#038;p=9561"},"modified":"2026-03-26T12:07:31","modified_gmt":"2026-03-26T11:07:31","slug":"naszyjnik-nuvia","status":"publish","type":"product","link":"https:\/\/woka-store.pl\/en\/product\/naszyjnik-nuvia\/","title":{"rendered":"Necklace NUVIA"},"content":{"rendered":"<p>\u2022 The photo shows 5 necklaces in different colors<br \/>\n\u2022 Length 36 cm + extension chain 8 cm<br \/>\n\u2022 Pink color \u2013 rose quartz, purple \u2013 amethyst, burgundy \u2013 garnet, light green \u2013 olivine, blue \u2013 aquamarine, surgical steel<br \/>\n\u2022 Handmade by WOKA<\/p>\n<p>&nbsp;<\/p>\n<p>This jewelry feels fresh and spring-like \u2014 you can choose your favorite color or wear them all and mix them together.<br data-start=\"110\" data-end=\"113\" \/>It gently enhances your beauty and adds a light, effortless touch to any look.<\/p>\n<p>&nbsp;<\/p>\n<p>Do you need a different size?<br \/>\nContact us on Instagram <em><a href=\"https:\/\/www.instagram.com\/woka_jewellery\/\">woka_jewellery<\/a><\/em><\/p>","protected":false},"excerpt":{"rendered":"<p>\u2022 Na zdj\u0119ciu przedstawiono 5 naszyjnik\u00f3w w r\u00f3\u017cnych kolorach \u2022 D\u0142ugo\u015b\u0107 36 cm + \u0142a\u0144cuszek przed\u0142u\u017ckowy 8 cm \u2022 Kolor r\u00f3\u017cowy \u2013 kwarc r\u00f3\u017cowy, fioletowy \u2013 ametyst, bordowy \u2013 granat, [&hellip;]<\/p>\n","protected":false},"featured_media":9559,"template":"","meta":[],"product_brand":[],"product_cat":[158,161,145,205],"product_tag":[],"class_list":{"0":"post-9561","1":"product","2":"type-product","3":"status-publish","4":"has-post-thumbnail","6":"product_cat-granat","7":"product_cat-kwarc-rozowy","8":"product_cat-naszyjniki","9":"product_cat-wszystkie-produkty","11":"first","12":"instock","13":"shipping-taxable","14":"purchasable","15":"product-type-variable"},"jetpack_sharing_enabled":true,"_links":{"self":[{"href":"https:\/\/woka-store.pl\/en\/wp-json\/wp\/v2\/product\/9561","targetHints":{"allow":["GET"]}}],"collection":[{"href":"https:\/\/woka-store.pl\/en\/wp-json\/wp\/v2\/product"}],"about":[{"href":"https:\/\/woka-store.pl\/en\/wp-json\/wp\/v2\/types\/product"}],"version-history":[{"count":2,"href":"https:\/\/woka-store.pl\/en\/wp-json\/wp\/v2\/product\/9561\/revisions"}],"predecessor-version":[{"id":9568,"href":"https:\/\/woka-store.pl\/en\/wp-json\/wp\/v2\/product\/9561\/revisions\/9568"}],"wp:featuredmedia":[{"embeddable":true,"href":"https:\/\/woka-store.pl\/en\/wp-json\/wp\/v2\/media\/9559"}],"wp:attachment":[{"href":"https:\/\/woka-store.pl\/en\/wp-json\/wp\/v2\/media?parent=9561"}],"wp:term":[{"taxonomy":"product_brand","embeddable":true,"href":"https:\/\/woka-store.pl\/en\/wp-json\/wp\/v2\/product_brand?post=9561"},{"taxonomy":"product_cat","embeddable":true,"href":"https:\/\/woka-store.pl\/en\/wp-json\/wp\/v2\/product_cat?post=9561"},{"taxonomy":"product_tag","embeddable":true,"href":"https:\/\/woka-store.pl\/en\/wp-json\/wp\/v2\/product_tag?post=9561"}],"curies":[{"name":"wp","href":"https:\/\/api.w.org\/{rel}","templated":true}]}}