{"id":9711,"date":"2026-04-10T11:27:06","date_gmt":"2026-04-10T10:27:06","guid":{"rendered":"https:\/\/woka-store.pl\/?post_type=product&#038;p=9711"},"modified":"2026-04-10T18:30:09","modified_gmt":"2026-04-10T17:30:09","slug":"naszyjnik-love","status":"publish","type":"product","link":"https:\/\/woka-store.pl\/en\/product\/naszyjnik-love\/","title":{"rendered":"Necklace LOVE"},"content":{"rendered":"<p>\u2022 Length 38 cm + extension chain 8 cm<br \/>\n\u2022 Surgical steel<br \/>\n\u2022 Handmade by WOKA<\/p>\n<p>&nbsp;<\/p>\n<p data-start=\"0\" data-end=\"122\">Bold and expressive jewelry featuring a large stainless steel heart is a symbol of strength, love, and inner confidence.<\/p>\n<p data-start=\"124\" data-end=\"501\">The pendant is made of high-quality stainless steel with a smooth, mirror-polished surface that beautifully reflects light and gives the piece a modern, minimalist character. Its large heart shape makes it a striking statement accessory, while still remaining versatile and easy to pair with both everyday outfits and more elegant styles.<\/p>\n<p>&nbsp;<\/p>\n<p>Do you need a different size?<br \/>\nContact us on Instagram <em><a href=\"https:\/\/www.instagram.com\/woka_jewellery\/\">woka_jewellery<\/a><\/em><\/p>","protected":false},"excerpt":{"rendered":"<p>\u2022 D\u0142ugo\u015b\u0107 38 cm + \u0142a\u0144cuszek przed\u0142u\u017ckowy 8 cm \u2022 Stal chirurgiczna \u2022 R\u0119cznie wykonane przez WOKA &nbsp; Wyrazista i efektowna bi\u017cuteria z du\u017cym sercem ze stali nierdzewnej to symbol [&hellip;]<\/p>\n","protected":false},"featured_media":9543,"template":"","meta":[],"product_brand":[],"product_cat":[145,155,205],"product_tag":[],"class_list":{"0":"post-9711","1":"product","2":"type-product","3":"status-publish","4":"has-post-thumbnail","6":"product_cat-naszyjniki","7":"product_cat-stal-chirurgiczna","8":"product_cat-wszystkie-produkty","10":"first","11":"instock","12":"shipping-taxable","13":"purchasable","14":"product-type-simple"},"jetpack_sharing_enabled":true,"_links":{"self":[{"href":"https:\/\/woka-store.pl\/en\/wp-json\/wp\/v2\/product\/9711","targetHints":{"allow":["GET"]}}],"collection":[{"href":"https:\/\/woka-store.pl\/en\/wp-json\/wp\/v2\/product"}],"about":[{"href":"https:\/\/woka-store.pl\/en\/wp-json\/wp\/v2\/types\/product"}],"version-history":[{"count":1,"href":"https:\/\/woka-store.pl\/en\/wp-json\/wp\/v2\/product\/9711\/revisions"}],"predecessor-version":[{"id":9712,"href":"https:\/\/woka-store.pl\/en\/wp-json\/wp\/v2\/product\/9711\/revisions\/9712"}],"wp:featuredmedia":[{"embeddable":true,"href":"https:\/\/woka-store.pl\/en\/wp-json\/wp\/v2\/media\/9543"}],"wp:attachment":[{"href":"https:\/\/woka-store.pl\/en\/wp-json\/wp\/v2\/media?parent=9711"}],"wp:term":[{"taxonomy":"product_brand","embeddable":true,"href":"https:\/\/woka-store.pl\/en\/wp-json\/wp\/v2\/product_brand?post=9711"},{"taxonomy":"product_cat","embeddable":true,"href":"https:\/\/woka-store.pl\/en\/wp-json\/wp\/v2\/product_cat?post=9711"},{"taxonomy":"product_tag","embeddable":true,"href":"https:\/\/woka-store.pl\/en\/wp-json\/wp\/v2\/product_tag?post=9711"}],"curies":[{"name":"wp","href":"https:\/\/api.w.org\/{rel}","templated":true}]}}